{"id":1116,"date":"2025-05-16T10:58:40","date_gmt":"2025-05-16T08:58:40","guid":{"rendered":"https:\/\/uneeclosiondedouceur.fr\/?page_id=1116"},"modified":"2025-05-16T11:02:38","modified_gmt":"2025-05-16T09:02:38","slug":"mentions-legales","status":"publish","type":"page","link":"https:\/\/uneeclosiondedouceur.fr\/index.php\/mentions-legales\/","title":{"rendered":"Mentions l\u00e9gales"},"content":{"rendered":"\t\t<div data-elementor-type=\"wp-page\" data-elementor-id=\"1116\" class=\"elementor elementor-1116\" data-elementor-post-type=\"page\">\n\t\t\t\t<div class=\"elementor-element elementor-element-866222c e-flex e-con-boxed e-con e-parent\" data-id=\"866222c\" data-element_type=\"container\" data-e-type=\"container\">\n\t\t\t\t\t<div class=\"e-con-inner\">\n\t\t\t\t<div class=\"elementor-element elementor-element-8676716 elementor-widget elementor-widget-heading\" data-id=\"8676716\" data-element_type=\"widget\" data-e-type=\"widget\" data-widget_type=\"heading.default\">\n\t\t\t\t<div class=\"elementor-widget-container\">\n\t\t\t\t\t<h2 class=\"elementor-heading-title elementor-size-default\">Mentions l\u00e9gales<\/h2>\t\t\t\t<\/div>\n\t\t\t\t<\/div>\n\t\t\t\t<div class=\"elementor-element elementor-element-bdeaa85 elementor-widget elementor-widget-text-editor\" data-id=\"bdeaa85\" data-element_type=\"widget\" data-e-type=\"widget\" data-widget_type=\"text-editor.default\">\n\t\t\t\t<div class=\"elementor-widget-container\">\n\t\t\t\t\t\t\t\t\t<h3 class=\"\" data-start=\"227\" data-end=\"251\">1. \u00c9diteur du site<\/h3><p class=\"\" data-start=\"252\" data-end=\"581\"><strong data-start=\"252\" data-end=\"275\">\u00c9closion de Douceur<\/strong><br data-start=\"275\" data-end=\"278\" \/>Auto-entrepreneur<br data-start=\"327\" data-end=\"330\" \/>Adresse du si\u00e8ge social : 42bis rue de la m\u00e9canique 81200 Ausillon<br data-start=\"421\" data-end=\"424\" \/>Email : contact@uneeclosiondedouceur.fr<\/p><h3 class=\"\" data-start=\"583\" data-end=\"619\">2. Directeur de la publication<\/h3><p class=\"\" data-start=\"620\" data-end=\"709\">Le directeur de la publication est Marion GAILLARD, en qualit\u00e9 de g\u00e9rante.<\/p><h3 class=\"\" data-start=\"711\" data-end=\"737\">3. H\u00e9bergeur du site<\/h3><p class=\"\" data-start=\"738\" data-end=\"902\">Le site est h\u00e9berg\u00e9 par :<br data-start=\"763\" data-end=\"766\" \/>OVH\u00a0 \u00a0 \u00a0 \u00a0 \u00a0 \u00a0 \u00a0 \u00a0 \u00a0 \u00a0 \u00a0 \u00a0 \u00a0 \u00a0 \u00a0 \u00a0 \u00a0 \u00a0 Adresse : <b>2, rue Kellermann, 59100 Roubaix<\/b><br data-start=\"868\" data-end=\"871\" \/>Site web : https:\/\/www.ovhcloud.com\/fr\/<\/p><h3 class=\"\" data-start=\"904\" data-end=\"937\">4. Propri\u00e9t\u00e9 intellectuelle<\/h3><p class=\"\" data-start=\"938\" data-end=\"1172\">L\u2019ensemble des contenus pr\u00e9sents sur ce site (textes, images, vid\u00e9os, logos, graphismes, etc.) est la propri\u00e9t\u00e9 exclusive d\u2019\u00c9closion de Douceur ou de ses partenaires et est prot\u00e9g\u00e9 par les lois relatives \u00e0 la propri\u00e9t\u00e9 intellectuelle.<\/p><p class=\"\" data-start=\"1174\" data-end=\"1407\">Toute reproduction, repr\u00e9sentation, modification, publication, adaptation de tout ou partie des \u00e9l\u00e9ments du site, quel que soit le moyen ou le proc\u00e9d\u00e9 utilis\u00e9, est interdite sans l\u2019autorisation \u00e9crite pr\u00e9alable d\u2019\u00c9closion de Douceur.<\/p><h3 class=\"\" data-start=\"1409\" data-end=\"1438\">5. Donn\u00e9es personnelles<\/h3><p class=\"\" data-start=\"1439\" data-end=\"1606\">Pour plus d\u2019informations sur la collecte et le traitement de vos donn\u00e9es personnelles, veuillez consulter notre <a class=\"cursor-pointer\" rel=\"noopener\" data-start=\"1551\" data-end=\"1605\">Politique de confidentialit\u00e9<\/a>.<\/p><h3 class=\"\" data-start=\"1608\" data-end=\"1631\">6. Responsabilit\u00e9<\/h3><p class=\"\" data-start=\"1632\" data-end=\"1883\">\u00c9closion de Douceur s\u2019efforce d\u2019assurer l\u2019exactitude et la mise \u00e0 jour des informations diffus\u00e9es sur ce site. Toutefois, \u00c9closion de Douceur ne peut garantir l\u2019exactitude, la compl\u00e9tude ou l\u2019actualit\u00e9 des informations mises \u00e0 disposition sur ce site.<\/p><p class=\"\" data-start=\"1885\" data-end=\"2035\">En cons\u00e9quence, la responsabilit\u00e9 d\u2019\u00c9closion de Douceur ne saurait \u00eatre engag\u00e9e en cas d\u2019erreurs, d\u2019omissions ou d\u2019interruptions dans l\u2019acc\u00e8s au site.<\/p><h3 class=\"\" data-start=\"2037\" data-end=\"2063\">7. Liens hypertextes<\/h3><p class=\"\" data-start=\"2064\" data-end=\"2237\">Le site peut contenir des liens vers d\u2019autres sites internet. \u00c9closion de Douceur n\u2019exerce aucun contr\u00f4le sur ces sites et d\u00e9cline toute responsabilit\u00e9 quant \u00e0 leur contenu.<\/p>\t\t\t\t\t\t\t\t<\/div>\n\t\t\t\t<\/div>\n\t\t\t\t\t<\/div>\n\t\t\t\t<\/div>\n\t\t\t\t<\/div>\n\t\t","protected":false},"excerpt":{"rendered":"<p>Mentions l\u00e9gales 1. \u00c9diteur du site \u00c9closion de DouceurAuto-entrepreneurAdresse du si\u00e8ge social : 42bis rue de la m\u00e9canique 81200 AusillonEmail : contact@uneeclosiondedouceur.fr 2. Directeur de la publication Le directeur de la publication est Marion GAILLARD, en qualit\u00e9 de g\u00e9rante. 3. H\u00e9bergeur du site Le site est h\u00e9berg\u00e9 par :OVH\u00a0 \u00a0 \u00a0 \u00a0 \u00a0 \u00a0 \u00a0 [&hellip;]<\/p>\n","protected":false},"author":1,"featured_media":0,"parent":0,"menu_order":0,"comment_status":"closed","ping_status":"closed","template":"","meta":{"footnotes":""},"class_list":["post-1116","page","type-page","status-publish","hentry"],"yoast_head":"<!-- This site is optimized with the Yoast SEO plugin v27.3 - https:\/\/yoast.com\/product\/yoast-seo-wordpress\/ -->\n<title>Mentions l\u00e9gales - Une \u00e9closion de douceur<\/title>\n<meta name=\"robots\" content=\"index, follow, max-snippet:-1, max-image-preview:large, max-video-preview:-1\" \/>\n<link rel=\"canonical\" href=\"https:\/\/uneeclosiondedouceur.fr\/index.php\/mentions-legales\/\" \/>\n<meta property=\"og:locale\" content=\"fr_FR\" \/>\n<meta property=\"og:type\" content=\"article\" \/>\n<meta property=\"og:title\" content=\"Mentions l\u00e9gales - Une \u00e9closion de douceur\" \/>\n<meta property=\"og:description\" content=\"Mentions l\u00e9gales 1. \u00c9diteur du site \u00c9closion de DouceurAuto-entrepreneurAdresse du si\u00e8ge social : 42bis rue de la m\u00e9canique 81200 AusillonEmail : contact@uneeclosiondedouceur.fr 2. Directeur de la publication Le directeur de la publication est Marion GAILLARD, en qualit\u00e9 de g\u00e9rante. 3. H\u00e9bergeur du site Le site est h\u00e9berg\u00e9 par :OVH\u00a0 \u00a0 \u00a0 \u00a0 \u00a0 \u00a0 \u00a0 [&hellip;]\" \/>\n<meta property=\"og:url\" content=\"https:\/\/uneeclosiondedouceur.fr\/index.php\/mentions-legales\/\" \/>\n<meta property=\"og:site_name\" content=\"Une \u00e9closion de douceur\" \/>\n<meta property=\"article:modified_time\" content=\"2025-05-16T09:02:38+00:00\" \/>\n<meta name=\"twitter:card\" content=\"summary_large_image\" \/>\n<meta name=\"twitter:label1\" content=\"Dur\u00e9e de lecture estim\u00e9e\" \/>\n\t<meta name=\"twitter:data1\" content=\"2 minutes\" \/>\n<script type=\"application\/ld+json\" class=\"yoast-schema-graph\">{\"@context\":\"https:\\\/\\\/schema.org\",\"@graph\":[{\"@type\":\"WebPage\",\"@id\":\"https:\\\/\\\/uneeclosiondedouceur.fr\\\/index.php\\\/mentions-legales\\\/\",\"url\":\"https:\\\/\\\/uneeclosiondedouceur.fr\\\/index.php\\\/mentions-legales\\\/\",\"name\":\"Mentions l\u00e9gales - Une \u00e9closion de douceur\",\"isPartOf\":{\"@id\":\"https:\\\/\\\/uneeclosiondedouceur.fr\\\/#website\"},\"datePublished\":\"2025-05-16T08:58:40+00:00\",\"dateModified\":\"2025-05-16T09:02:38+00:00\",\"breadcrumb\":{\"@id\":\"https:\\\/\\\/uneeclosiondedouceur.fr\\\/index.php\\\/mentions-legales\\\/#breadcrumb\"},\"inLanguage\":\"fr-FR\",\"potentialAction\":[{\"@type\":\"ReadAction\",\"target\":[\"https:\\\/\\\/uneeclosiondedouceur.fr\\\/index.php\\\/mentions-legales\\\/\"]}]},{\"@type\":\"BreadcrumbList\",\"@id\":\"https:\\\/\\\/uneeclosiondedouceur.fr\\\/index.php\\\/mentions-legales\\\/#breadcrumb\",\"itemListElement\":[{\"@type\":\"ListItem\",\"position\":1,\"name\":\"Accueil\",\"item\":\"https:\\\/\\\/uneeclosiondedouceur.fr\\\/\"},{\"@type\":\"ListItem\",\"position\":2,\"name\":\"Mentions l\u00e9gales\"}]},{\"@type\":\"WebSite\",\"@id\":\"https:\\\/\\\/uneeclosiondedouceur.fr\\\/#website\",\"url\":\"https:\\\/\\\/uneeclosiondedouceur.fr\\\/\",\"name\":\"Une \u00e9closion de douceur\",\"description\":\"Cr\u00e9ations florales et po\u00e9tiques\",\"publisher\":{\"@id\":\"https:\\\/\\\/uneeclosiondedouceur.fr\\\/#organization\"},\"potentialAction\":[{\"@type\":\"SearchAction\",\"target\":{\"@type\":\"EntryPoint\",\"urlTemplate\":\"https:\\\/\\\/uneeclosiondedouceur.fr\\\/?s={search_term_string}\"},\"query-input\":{\"@type\":\"PropertyValueSpecification\",\"valueRequired\":true,\"valueName\":\"search_term_string\"}}],\"inLanguage\":\"fr-FR\"},{\"@type\":\"Organization\",\"@id\":\"https:\\\/\\\/uneeclosiondedouceur.fr\\\/#organization\",\"name\":\"Une \u00e9closion de douceur\",\"url\":\"https:\\\/\\\/uneeclosiondedouceur.fr\\\/\",\"logo\":{\"@type\":\"ImageObject\",\"inLanguage\":\"fr-FR\",\"@id\":\"https:\\\/\\\/uneeclosiondedouceur.fr\\\/#\\\/schema\\\/logo\\\/image\\\/\",\"url\":\"https:\\\/\\\/uneeclosiondedouceur.fr\\\/wp-content\\\/uploads\\\/2025\\\/02\\\/Logo-2.png\",\"contentUrl\":\"https:\\\/\\\/uneeclosiondedouceur.fr\\\/wp-content\\\/uploads\\\/2025\\\/02\\\/Logo-2.png\",\"width\":500,\"height\":500,\"caption\":\"Une \u00e9closion de douceur\"},\"image\":{\"@id\":\"https:\\\/\\\/uneeclosiondedouceur.fr\\\/#\\\/schema\\\/logo\\\/image\\\/\"},\"sameAs\":[\"https:\\\/\\\/www.instagram.com\\\/une.eclosion.de.douceur\\\/\"]}]}<\/script>\n<!-- \/ Yoast SEO plugin. -->","yoast_head_json":{"title":"Mentions l\u00e9gales - Une \u00e9closion de douceur","robots":{"index":"index","follow":"follow","max-snippet":"max-snippet:-1","max-image-preview":"max-image-preview:large","max-video-preview":"max-video-preview:-1"},"canonical":"https:\/\/uneeclosiondedouceur.fr\/index.php\/mentions-legales\/","og_locale":"fr_FR","og_type":"article","og_title":"Mentions l\u00e9gales - Une \u00e9closion de douceur","og_description":"Mentions l\u00e9gales 1. \u00c9diteur du site \u00c9closion de DouceurAuto-entrepreneurAdresse du si\u00e8ge social : 42bis rue de la m\u00e9canique 81200 AusillonEmail : contact@uneeclosiondedouceur.fr 2. Directeur de la publication Le directeur de la publication est Marion GAILLARD, en qualit\u00e9 de g\u00e9rante. 3. H\u00e9bergeur du site Le site est h\u00e9berg\u00e9 par :OVH\u00a0 \u00a0 \u00a0 \u00a0 \u00a0 \u00a0 \u00a0 [&hellip;]","og_url":"https:\/\/uneeclosiondedouceur.fr\/index.php\/mentions-legales\/","og_site_name":"Une \u00e9closion de douceur","article_modified_time":"2025-05-16T09:02:38+00:00","twitter_card":"summary_large_image","twitter_misc":{"Dur\u00e9e de lecture estim\u00e9e":"2 minutes"},"schema":{"@context":"https:\/\/schema.org","@graph":[{"@type":"WebPage","@id":"https:\/\/uneeclosiondedouceur.fr\/index.php\/mentions-legales\/","url":"https:\/\/uneeclosiondedouceur.fr\/index.php\/mentions-legales\/","name":"Mentions l\u00e9gales - Une \u00e9closion de douceur","isPartOf":{"@id":"https:\/\/uneeclosiondedouceur.fr\/#website"},"datePublished":"2025-05-16T08:58:40+00:00","dateModified":"2025-05-16T09:02:38+00:00","breadcrumb":{"@id":"https:\/\/uneeclosiondedouceur.fr\/index.php\/mentions-legales\/#breadcrumb"},"inLanguage":"fr-FR","potentialAction":[{"@type":"ReadAction","target":["https:\/\/uneeclosiondedouceur.fr\/index.php\/mentions-legales\/"]}]},{"@type":"BreadcrumbList","@id":"https:\/\/uneeclosiondedouceur.fr\/index.php\/mentions-legales\/#breadcrumb","itemListElement":[{"@type":"ListItem","position":1,"name":"Accueil","item":"https:\/\/uneeclosiondedouceur.fr\/"},{"@type":"ListItem","position":2,"name":"Mentions l\u00e9gales"}]},{"@type":"WebSite","@id":"https:\/\/uneeclosiondedouceur.fr\/#website","url":"https:\/\/uneeclosiondedouceur.fr\/","name":"Une \u00e9closion de douceur","description":"Cr\u00e9ations florales et po\u00e9tiques","publisher":{"@id":"https:\/\/uneeclosiondedouceur.fr\/#organization"},"potentialAction":[{"@type":"SearchAction","target":{"@type":"EntryPoint","urlTemplate":"https:\/\/uneeclosiondedouceur.fr\/?s={search_term_string}"},"query-input":{"@type":"PropertyValueSpecification","valueRequired":true,"valueName":"search_term_string"}}],"inLanguage":"fr-FR"},{"@type":"Organization","@id":"https:\/\/uneeclosiondedouceur.fr\/#organization","name":"Une \u00e9closion de douceur","url":"https:\/\/uneeclosiondedouceur.fr\/","logo":{"@type":"ImageObject","inLanguage":"fr-FR","@id":"https:\/\/uneeclosiondedouceur.fr\/#\/schema\/logo\/image\/","url":"https:\/\/uneeclosiondedouceur.fr\/wp-content\/uploads\/2025\/02\/Logo-2.png","contentUrl":"https:\/\/uneeclosiondedouceur.fr\/wp-content\/uploads\/2025\/02\/Logo-2.png","width":500,"height":500,"caption":"Une \u00e9closion de douceur"},"image":{"@id":"https:\/\/uneeclosiondedouceur.fr\/#\/schema\/logo\/image\/"},"sameAs":["https:\/\/www.instagram.com\/une.eclosion.de.douceur\/"]}]}},"jetpack_sharing_enabled":true,"_links":{"self":[{"href":"https:\/\/uneeclosiondedouceur.fr\/index.php\/wp-json\/wp\/v2\/pages\/1116","targetHints":{"allow":["GET"]}}],"collection":[{"href":"https:\/\/uneeclosiondedouceur.fr\/index.php\/wp-json\/wp\/v2\/pages"}],"about":[{"href":"https:\/\/uneeclosiondedouceur.fr\/index.php\/wp-json\/wp\/v2\/types\/page"}],"author":[{"embeddable":true,"href":"https:\/\/uneeclosiondedouceur.fr\/index.php\/wp-json\/wp\/v2\/users\/1"}],"replies":[{"embeddable":true,"href":"https:\/\/uneeclosiondedouceur.fr\/index.php\/wp-json\/wp\/v2\/comments?post=1116"}],"version-history":[{"count":4,"href":"https:\/\/uneeclosiondedouceur.fr\/index.php\/wp-json\/wp\/v2\/pages\/1116\/revisions"}],"predecessor-version":[{"id":1120,"href":"https:\/\/uneeclosiondedouceur.fr\/index.php\/wp-json\/wp\/v2\/pages\/1116\/revisions\/1120"}],"wp:attachment":[{"href":"https:\/\/uneeclosiondedouceur.fr\/index.php\/wp-json\/wp\/v2\/media?parent=1116"}],"curies":[{"name":"wp","href":"https:\/\/api.w.org\/{rel}","templated":true}]}}