{"id":20,"date":"2025-02-28T11:14:35","date_gmt":"2025-02-28T10:14:35","guid":{"rendered":"https:\/\/uneeclosiondedouceur.fr\/index.php\/mon-compte\/"},"modified":"2025-05-15T15:52:16","modified_gmt":"2025-05-15T13:52:16","slug":"mon-compte","status":"publish","type":"page","link":"https:\/\/uneeclosiondedouceur.fr\/index.php\/mon-compte\/","title":{"rendered":"Mon compte"},"content":{"rendered":"\t\t<div data-elementor-type=\"wp-page\" data-elementor-id=\"20\" class=\"elementor elementor-20\" data-elementor-post-type=\"page\">\n\t\t\t\t<div class=\"elementor-element elementor-element-2262dd6 e-flex e-con-boxed e-con e-parent\" data-id=\"2262dd6\" data-element_type=\"container\" data-e-type=\"container\">\n\t\t\t\t\t<div class=\"e-con-inner\">\n\t\t\t\t<div class=\"elementor-element elementor-element-5a18446 elementor-widget elementor-widget-heading\" data-id=\"5a18446\" data-element_type=\"widget\" data-e-type=\"widget\" data-widget_type=\"heading.default\">\n\t\t\t\t<div class=\"elementor-widget-container\">\n\t\t\t\t\t<h2 class=\"elementor-heading-title elementor-size-default\">Mon compte<\/h2>\t\t\t\t<\/div>\n\t\t\t\t<\/div>\n\t\t\t\t\t<\/div>\n\t\t\t\t<\/div>\n\t\t<div class=\"elementor-element elementor-element-5398f93b e-flex e-con-boxed e-con e-parent\" data-id=\"5398f93b\" data-element_type=\"container\" data-e-type=\"container\">\n\t\t\t\t\t<div class=\"e-con-inner\">\n\t\t\t\t<div class=\"elementor-element elementor-element-1170093 e-my-account-tabs-vertical elementor-widget elementor-widget-woocommerce-my-account\" data-id=\"1170093\" data-element_type=\"widget\" data-e-type=\"widget\" data-widget_type=\"woocommerce-my-account.default\">\n\t\t\t\t<div class=\"elementor-widget-container\">\n\t\t\t\t\t<div class=\"e-my-account-tab e-my-account-tab__ \">\t\t\t<div class=\"woocommerce\"><\/div>\t\t<\/div>\n\t\t\t\t\t\t<\/div>\n\t\t\t\t<\/div>\n\t\t\t\t\t<\/div>\n\t\t\t\t<\/div>\n\t\t\t\t<\/div>\n\t\t","protected":false},"excerpt":{"rendered":"<p>Mon compte Tableau de bord Commandes T\u00e9l\u00e9chargements Adresses Moyens de paiement D\u00e9tails du compte D\u00e9connexion Bonjour admin2133 (vous n\u2019\u00eates pas admin2133\u00a0? D\u00e9connexion) \u00c0 partir du tableau de bord de votre compte, vous pouvez visualiser vos commandes r\u00e9centes, g\u00e9rer vos adresses de livraison et de facturation ainsi que changer votre mot de passe et les d\u00e9tails [&hellip;]<\/p>\n","protected":false},"author":1,"featured_media":0,"parent":0,"menu_order":0,"comment_status":"closed","ping_status":"closed","template":"","meta":{"footnotes":""},"class_list":["post-20","page","type-page","status-publish","hentry"],"yoast_head":"<!-- This site is optimized with the Yoast SEO plugin v27.3 - https:\/\/yoast.com\/product\/yoast-seo-wordpress\/ -->\n<title>Mon compte - Une \u00e9closion de douceur<\/title>\n<meta name=\"robots\" content=\"index, follow, max-snippet:-1, max-image-preview:large, max-video-preview:-1\" \/>\n<link rel=\"canonical\" href=\"https:\/\/uneeclosiondedouceur.fr\/index.php\/mon-compte\/\" \/>\n<meta property=\"og:locale\" content=\"fr_FR\" \/>\n<meta property=\"og:type\" content=\"article\" \/>\n<meta property=\"og:title\" content=\"Mon compte - Une \u00e9closion de douceur\" \/>\n<meta property=\"og:description\" content=\"Mon compte Tableau de bord Commandes T\u00e9l\u00e9chargements Adresses Moyens de paiement D\u00e9tails du compte D\u00e9connexion Bonjour admin2133 (vous n\u2019\u00eates pas admin2133\u00a0? D\u00e9connexion) \u00c0 partir du tableau de bord de votre compte, vous pouvez visualiser vos commandes r\u00e9centes, g\u00e9rer vos adresses de livraison et de facturation ainsi que changer votre mot de passe et les d\u00e9tails [&hellip;]\" \/>\n<meta property=\"og:url\" content=\"https:\/\/uneeclosiondedouceur.fr\/index.php\/mon-compte\/\" \/>\n<meta property=\"og:site_name\" content=\"Une \u00e9closion de douceur\" \/>\n<meta property=\"article:modified_time\" content=\"2025-05-15T13:52:16+00:00\" \/>\n<meta name=\"twitter:card\" content=\"summary_large_image\" \/>\n<meta name=\"twitter:label1\" content=\"Dur\u00e9e de lecture estim\u00e9e\" \/>\n\t<meta name=\"twitter:data1\" content=\"2 minutes\" \/>\n<script type=\"application\/ld+json\" class=\"yoast-schema-graph\">{\"@context\":\"https:\\\/\\\/schema.org\",\"@graph\":[{\"@type\":\"WebPage\",\"@id\":\"https:\\\/\\\/uneeclosiondedouceur.fr\\\/index.php\\\/mon-compte\\\/\",\"url\":\"https:\\\/\\\/uneeclosiondedouceur.fr\\\/index.php\\\/mon-compte\\\/\",\"name\":\"Mon compte - Une \u00e9closion de douceur\",\"isPartOf\":{\"@id\":\"https:\\\/\\\/uneeclosiondedouceur.fr\\\/#website\"},\"datePublished\":\"2025-02-28T10:14:35+00:00\",\"dateModified\":\"2025-05-15T13:52:16+00:00\",\"breadcrumb\":{\"@id\":\"https:\\\/\\\/uneeclosiondedouceur.fr\\\/index.php\\\/mon-compte\\\/#breadcrumb\"},\"inLanguage\":\"fr-FR\",\"potentialAction\":[{\"@type\":\"ReadAction\",\"target\":[\"https:\\\/\\\/uneeclosiondedouceur.fr\\\/index.php\\\/mon-compte\\\/\"]}]},{\"@type\":\"BreadcrumbList\",\"@id\":\"https:\\\/\\\/uneeclosiondedouceur.fr\\\/index.php\\\/mon-compte\\\/#breadcrumb\",\"itemListElement\":[{\"@type\":\"ListItem\",\"position\":1,\"name\":\"Accueil\",\"item\":\"https:\\\/\\\/uneeclosiondedouceur.fr\\\/\"},{\"@type\":\"ListItem\",\"position\":2,\"name\":\"Mon compte\"}]},{\"@type\":\"WebSite\",\"@id\":\"https:\\\/\\\/uneeclosiondedouceur.fr\\\/#website\",\"url\":\"https:\\\/\\\/uneeclosiondedouceur.fr\\\/\",\"name\":\"Une \u00e9closion de douceur\",\"description\":\"Cr\u00e9ations florales et po\u00e9tiques\",\"publisher\":{\"@id\":\"https:\\\/\\\/uneeclosiondedouceur.fr\\\/#organization\"},\"potentialAction\":[{\"@type\":\"SearchAction\",\"target\":{\"@type\":\"EntryPoint\",\"urlTemplate\":\"https:\\\/\\\/uneeclosiondedouceur.fr\\\/?s={search_term_string}\"},\"query-input\":{\"@type\":\"PropertyValueSpecification\",\"valueRequired\":true,\"valueName\":\"search_term_string\"}}],\"inLanguage\":\"fr-FR\"},{\"@type\":\"Organization\",\"@id\":\"https:\\\/\\\/uneeclosiondedouceur.fr\\\/#organization\",\"name\":\"Une \u00e9closion de douceur\",\"url\":\"https:\\\/\\\/uneeclosiondedouceur.fr\\\/\",\"logo\":{\"@type\":\"ImageObject\",\"inLanguage\":\"fr-FR\",\"@id\":\"https:\\\/\\\/uneeclosiondedouceur.fr\\\/#\\\/schema\\\/logo\\\/image\\\/\",\"url\":\"https:\\\/\\\/uneeclosiondedouceur.fr\\\/wp-content\\\/uploads\\\/2025\\\/02\\\/Logo-2.png\",\"contentUrl\":\"https:\\\/\\\/uneeclosiondedouceur.fr\\\/wp-content\\\/uploads\\\/2025\\\/02\\\/Logo-2.png\",\"width\":500,\"height\":500,\"caption\":\"Une \u00e9closion de douceur\"},\"image\":{\"@id\":\"https:\\\/\\\/uneeclosiondedouceur.fr\\\/#\\\/schema\\\/logo\\\/image\\\/\"},\"sameAs\":[\"https:\\\/\\\/www.instagram.com\\\/une.eclosion.de.douceur\\\/\"]}]}<\/script>\n<!-- \/ Yoast SEO plugin. -->","yoast_head_json":{"title":"Mon compte - Une \u00e9closion de douceur","robots":{"index":"index","follow":"follow","max-snippet":"max-snippet:-1","max-image-preview":"max-image-preview:large","max-video-preview":"max-video-preview:-1"},"canonical":"https:\/\/uneeclosiondedouceur.fr\/index.php\/mon-compte\/","og_locale":"fr_FR","og_type":"article","og_title":"Mon compte - Une \u00e9closion de douceur","og_description":"Mon compte Tableau de bord Commandes T\u00e9l\u00e9chargements Adresses Moyens de paiement D\u00e9tails du compte D\u00e9connexion Bonjour admin2133 (vous n\u2019\u00eates pas admin2133\u00a0? D\u00e9connexion) \u00c0 partir du tableau de bord de votre compte, vous pouvez visualiser vos commandes r\u00e9centes, g\u00e9rer vos adresses de livraison et de facturation ainsi que changer votre mot de passe et les d\u00e9tails [&hellip;]","og_url":"https:\/\/uneeclosiondedouceur.fr\/index.php\/mon-compte\/","og_site_name":"Une \u00e9closion de douceur","article_modified_time":"2025-05-15T13:52:16+00:00","twitter_card":"summary_large_image","twitter_misc":{"Dur\u00e9e de lecture estim\u00e9e":"2 minutes"},"schema":{"@context":"https:\/\/schema.org","@graph":[{"@type":"WebPage","@id":"https:\/\/uneeclosiondedouceur.fr\/index.php\/mon-compte\/","url":"https:\/\/uneeclosiondedouceur.fr\/index.php\/mon-compte\/","name":"Mon compte - Une \u00e9closion de douceur","isPartOf":{"@id":"https:\/\/uneeclosiondedouceur.fr\/#website"},"datePublished":"2025-02-28T10:14:35+00:00","dateModified":"2025-05-15T13:52:16+00:00","breadcrumb":{"@id":"https:\/\/uneeclosiondedouceur.fr\/index.php\/mon-compte\/#breadcrumb"},"inLanguage":"fr-FR","potentialAction":[{"@type":"ReadAction","target":["https:\/\/uneeclosiondedouceur.fr\/index.php\/mon-compte\/"]}]},{"@type":"BreadcrumbList","@id":"https:\/\/uneeclosiondedouceur.fr\/index.php\/mon-compte\/#breadcrumb","itemListElement":[{"@type":"ListItem","position":1,"name":"Accueil","item":"https:\/\/uneeclosiondedouceur.fr\/"},{"@type":"ListItem","position":2,"name":"Mon compte"}]},{"@type":"WebSite","@id":"https:\/\/uneeclosiondedouceur.fr\/#website","url":"https:\/\/uneeclosiondedouceur.fr\/","name":"Une \u00e9closion de douceur","description":"Cr\u00e9ations florales et po\u00e9tiques","publisher":{"@id":"https:\/\/uneeclosiondedouceur.fr\/#organization"},"potentialAction":[{"@type":"SearchAction","target":{"@type":"EntryPoint","urlTemplate":"https:\/\/uneeclosiondedouceur.fr\/?s={search_term_string}"},"query-input":{"@type":"PropertyValueSpecification","valueRequired":true,"valueName":"search_term_string"}}],"inLanguage":"fr-FR"},{"@type":"Organization","@id":"https:\/\/uneeclosiondedouceur.fr\/#organization","name":"Une \u00e9closion de douceur","url":"https:\/\/uneeclosiondedouceur.fr\/","logo":{"@type":"ImageObject","inLanguage":"fr-FR","@id":"https:\/\/uneeclosiondedouceur.fr\/#\/schema\/logo\/image\/","url":"https:\/\/uneeclosiondedouceur.fr\/wp-content\/uploads\/2025\/02\/Logo-2.png","contentUrl":"https:\/\/uneeclosiondedouceur.fr\/wp-content\/uploads\/2025\/02\/Logo-2.png","width":500,"height":500,"caption":"Une \u00e9closion de douceur"},"image":{"@id":"https:\/\/uneeclosiondedouceur.fr\/#\/schema\/logo\/image\/"},"sameAs":["https:\/\/www.instagram.com\/une.eclosion.de.douceur\/"]}]}},"jetpack_sharing_enabled":true,"_links":{"self":[{"href":"https:\/\/uneeclosiondedouceur.fr\/index.php\/wp-json\/wp\/v2\/pages\/20","targetHints":{"allow":["GET"]}}],"collection":[{"href":"https:\/\/uneeclosiondedouceur.fr\/index.php\/wp-json\/wp\/v2\/pages"}],"about":[{"href":"https:\/\/uneeclosiondedouceur.fr\/index.php\/wp-json\/wp\/v2\/types\/page"}],"author":[{"embeddable":true,"href":"https:\/\/uneeclosiondedouceur.fr\/index.php\/wp-json\/wp\/v2\/users\/1"}],"replies":[{"embeddable":true,"href":"https:\/\/uneeclosiondedouceur.fr\/index.php\/wp-json\/wp\/v2\/comments?post=20"}],"version-history":[{"count":7,"href":"https:\/\/uneeclosiondedouceur.fr\/index.php\/wp-json\/wp\/v2\/pages\/20\/revisions"}],"predecessor-version":[{"id":1092,"href":"https:\/\/uneeclosiondedouceur.fr\/index.php\/wp-json\/wp\/v2\/pages\/20\/revisions\/1092"}],"wp:attachment":[{"href":"https:\/\/uneeclosiondedouceur.fr\/index.php\/wp-json\/wp\/v2\/media?parent=20"}],"curies":[{"name":"wp","href":"https:\/\/api.w.org\/{rel}","templated":true}]}}