{"id":1698,"date":"2025-12-05T13:53:17","date_gmt":"2025-12-05T12:53:17","guid":{"rendered":"https:\/\/uneeclosiondedouceur.fr\/?post_type=product&#038;p=1698"},"modified":"2025-12-05T18:13:00","modified_gmt":"2025-12-05T17:13:00","slug":"nostalgie-denfance-stickers","status":"publish","type":"product","link":"https:\/\/uneeclosiondedouceur.fr\/index.php\/produit\/nostalgie-denfance-stickers\/","title":{"rendered":"Nostalgie d&rsquo;enfance | Stickers"},"content":{"rendered":"","protected":false},"excerpt":{"rendered":"<p>Reproduction de mes aquarelles<\/p>\n<p>La neige tombe ce soir, \u00e9veillant les souvenirs de mon enfance. Chaque illustration est une ode \u00e0 la nostalgie, un pont entre le pass\u00e9 et le pr\u00e9sent, un fil qui a tiss\u00e9 la personne que je suis devenue. Sur ces planches de stickers sont r\u00e9unis tous les \u00e9l\u00e9ments qui ont fa\u00e7onn\u00e9 ma jeunesse durant les cr\u00e9puscules d\u2019hiver : une maison dans la montagne, envelopp\u00e9e de son manteau blanc, ces habits que l\u2019on tricotait au coin du feu, et que dire de ces d\u00e9corations qui illuminaient notre int\u00e9rieur, ranimant la joie dans nos c\u0153urs ?<\/p>\n<p>Et vous, avez-vous gard\u00e9 cette part d\u2019enfance au fond de vous ? Et si vous la raviviez gr\u00e2ce \u00e0 ces petits stickers \u00e0 coller partout o\u00f9 vous le souhaitez, dans vos carnets, pendant vos pauses journaling ou scrapbooking, ou sur vos bocaux, par exemple ! Ils sont tous imagin\u00e9s et imprim\u00e9s avec soin dans mon atelier !<\/p>\n","protected":false},"featured_media":1708,"comment_status":"open","ping_status":"closed","template":"","meta":[],"product_brand":[],"product_cat":[33],"product_tag":[],"class_list":{"0":"post-1698","1":"product","2":"type-product","3":"status-publish","4":"has-post-thumbnail","6":"product_cat-un-murmure-dans-le-vent","8":"first","9":"instock","10":"shipping-taxable","11":"purchasable","12":"product-type-variable"},"yoast_head":"<!-- This site is optimized with the Yoast SEO plugin v27.3 - https:\/\/yoast.com\/product\/yoast-seo-wordpress\/ -->\n<title>Nostalgie d&#039;enfance | Stickers - Une \u00e9closion de douceur<\/title>\n<meta name=\"robots\" content=\"index, follow, max-snippet:-1, max-image-preview:large, max-video-preview:-1\" \/>\n<link rel=\"canonical\" href=\"https:\/\/uneeclosiondedouceur.fr\/index.php\/produit\/nostalgie-denfance-stickers\/\" \/>\n<meta property=\"og:locale\" content=\"fr_FR\" \/>\n<meta property=\"og:type\" content=\"article\" \/>\n<meta property=\"og:title\" content=\"Nostalgie d&#039;enfance | Stickers - Une \u00e9closion de douceur\" \/>\n<meta property=\"og:description\" content=\"Reproduction de mes aquarelles  La neige tombe ce soir, \u00e9veillant les souvenirs de mon enfance. Chaque illustration est une ode \u00e0 la nostalgie, un pont entre le pass\u00e9 et le pr\u00e9sent, un fil qui a tiss\u00e9 la personne que je suis devenue. Sur ces planches de stickers sont r\u00e9unis tous les \u00e9l\u00e9ments qui ont fa\u00e7onn\u00e9 ma jeunesse durant les cr\u00e9puscules d\u2019hiver : une maison dans la montagne, envelopp\u00e9e de son manteau blanc, ces habits que l\u2019on tricotait au coin du feu, et que dire de ces d\u00e9corations qui illuminaient notre int\u00e9rieur, ranimant la joie dans nos c\u0153urs ?  Et vous, avez-vous gard\u00e9 cette part d\u2019enfance au fond de vous ? Et si vous la raviviez gr\u00e2ce \u00e0 ces petits stickers \u00e0 coller partout o\u00f9 vous le souhaitez, dans vos carnets, pendant vos pauses journaling ou scrapbooking, ou sur vos bocaux, par exemple ! Ils sont tous imagin\u00e9s et imprim\u00e9s avec soin dans mon atelier !\" \/>\n<meta property=\"og:url\" content=\"https:\/\/uneeclosiondedouceur.fr\/index.php\/produit\/nostalgie-denfance-stickers\/\" \/>\n<meta property=\"og:site_name\" content=\"Une \u00e9closion de douceur\" \/>\n<meta property=\"article:modified_time\" content=\"2025-12-05T17:13:00+00:00\" \/>\n<meta property=\"og:image\" content=\"https:\/\/uneeclosiondedouceur.fr\/wp-content\/uploads\/2025\/12\/IMG_20251201_132508.jpg\" \/>\n\t<meta property=\"og:image:width\" content=\"1326\" \/>\n\t<meta property=\"og:image:height\" content=\"1768\" \/>\n\t<meta property=\"og:image:type\" content=\"image\/jpeg\" \/>\n<meta name=\"twitter:card\" content=\"summary_large_image\" \/>\n<meta name=\"twitter:label1\" content=\"Dur\u00e9e de lecture estim\u00e9e\" \/>\n\t<meta name=\"twitter:data1\" content=\"1 minute\" \/>\n<script type=\"application\/ld+json\" class=\"yoast-schema-graph\">{\"@context\":\"https:\\\/\\\/schema.org\",\"@graph\":[{\"@type\":\"WebPage\",\"@id\":\"https:\\\/\\\/uneeclosiondedouceur.fr\\\/index.php\\\/produit\\\/nostalgie-denfance-stickers\\\/\",\"url\":\"https:\\\/\\\/uneeclosiondedouceur.fr\\\/index.php\\\/produit\\\/nostalgie-denfance-stickers\\\/\",\"name\":\"Nostalgie d'enfance | Stickers - Une \u00e9closion de douceur\",\"isPartOf\":{\"@id\":\"https:\\\/\\\/uneeclosiondedouceur.fr\\\/#website\"},\"primaryImageOfPage\":{\"@id\":\"https:\\\/\\\/uneeclosiondedouceur.fr\\\/index.php\\\/produit\\\/nostalgie-denfance-stickers\\\/#primaryimage\"},\"image\":{\"@id\":\"https:\\\/\\\/uneeclosiondedouceur.fr\\\/index.php\\\/produit\\\/nostalgie-denfance-stickers\\\/#primaryimage\"},\"thumbnailUrl\":\"https:\\\/\\\/uneeclosiondedouceur.fr\\\/wp-content\\\/uploads\\\/2025\\\/12\\\/IMG_20251201_132508.jpg\",\"datePublished\":\"2025-12-05T12:53:17+00:00\",\"dateModified\":\"2025-12-05T17:13:00+00:00\",\"breadcrumb\":{\"@id\":\"https:\\\/\\\/uneeclosiondedouceur.fr\\\/index.php\\\/produit\\\/nostalgie-denfance-stickers\\\/#breadcrumb\"},\"inLanguage\":\"fr-FR\",\"potentialAction\":[{\"@type\":\"ReadAction\",\"target\":[\"https:\\\/\\\/uneeclosiondedouceur.fr\\\/index.php\\\/produit\\\/nostalgie-denfance-stickers\\\/\"]}]},{\"@type\":\"ImageObject\",\"inLanguage\":\"fr-FR\",\"@id\":\"https:\\\/\\\/uneeclosiondedouceur.fr\\\/index.php\\\/produit\\\/nostalgie-denfance-stickers\\\/#primaryimage\",\"url\":\"https:\\\/\\\/uneeclosiondedouceur.fr\\\/wp-content\\\/uploads\\\/2025\\\/12\\\/IMG_20251201_132508.jpg\",\"contentUrl\":\"https:\\\/\\\/uneeclosiondedouceur.fr\\\/wp-content\\\/uploads\\\/2025\\\/12\\\/IMG_20251201_132508.jpg\",\"width\":1326,\"height\":1768},{\"@type\":\"BreadcrumbList\",\"@id\":\"https:\\\/\\\/uneeclosiondedouceur.fr\\\/index.php\\\/produit\\\/nostalgie-denfance-stickers\\\/#breadcrumb\",\"itemListElement\":[{\"@type\":\"ListItem\",\"position\":1,\"name\":\"Accueil\",\"item\":\"https:\\\/\\\/uneeclosiondedouceur.fr\\\/\"},{\"@type\":\"ListItem\",\"position\":2,\"name\":\"Boutique\",\"item\":\"https:\\\/\\\/uneeclosiondedouceur.fr\\\/index.php\\\/boutique\\\/\"},{\"@type\":\"ListItem\",\"position\":3,\"name\":\"Nostalgie d&rsquo;enfance | Stickers\"}]},{\"@type\":\"WebSite\",\"@id\":\"https:\\\/\\\/uneeclosiondedouceur.fr\\\/#website\",\"url\":\"https:\\\/\\\/uneeclosiondedouceur.fr\\\/\",\"name\":\"Une \u00e9closion de douceur\",\"description\":\"Cr\u00e9ations florales et po\u00e9tiques\",\"publisher\":{\"@id\":\"https:\\\/\\\/uneeclosiondedouceur.fr\\\/#organization\"},\"potentialAction\":[{\"@type\":\"SearchAction\",\"target\":{\"@type\":\"EntryPoint\",\"urlTemplate\":\"https:\\\/\\\/uneeclosiondedouceur.fr\\\/?s={search_term_string}\"},\"query-input\":{\"@type\":\"PropertyValueSpecification\",\"valueRequired\":true,\"valueName\":\"search_term_string\"}}],\"inLanguage\":\"fr-FR\"},{\"@type\":\"Organization\",\"@id\":\"https:\\\/\\\/uneeclosiondedouceur.fr\\\/#organization\",\"name\":\"Une \u00e9closion de douceur\",\"url\":\"https:\\\/\\\/uneeclosiondedouceur.fr\\\/\",\"logo\":{\"@type\":\"ImageObject\",\"inLanguage\":\"fr-FR\",\"@id\":\"https:\\\/\\\/uneeclosiondedouceur.fr\\\/#\\\/schema\\\/logo\\\/image\\\/\",\"url\":\"https:\\\/\\\/uneeclosiondedouceur.fr\\\/wp-content\\\/uploads\\\/2025\\\/02\\\/Logo-2.png\",\"contentUrl\":\"https:\\\/\\\/uneeclosiondedouceur.fr\\\/wp-content\\\/uploads\\\/2025\\\/02\\\/Logo-2.png\",\"width\":500,\"height\":500,\"caption\":\"Une \u00e9closion de douceur\"},\"image\":{\"@id\":\"https:\\\/\\\/uneeclosiondedouceur.fr\\\/#\\\/schema\\\/logo\\\/image\\\/\"},\"sameAs\":[\"https:\\\/\\\/www.instagram.com\\\/une.eclosion.de.douceur\\\/\"]}]}<\/script>\n<!-- \/ Yoast SEO plugin. -->","yoast_head_json":{"title":"Nostalgie d'enfance | Stickers - Une \u00e9closion de douceur","robots":{"index":"index","follow":"follow","max-snippet":"max-snippet:-1","max-image-preview":"max-image-preview:large","max-video-preview":"max-video-preview:-1"},"canonical":"https:\/\/uneeclosiondedouceur.fr\/index.php\/produit\/nostalgie-denfance-stickers\/","og_locale":"fr_FR","og_type":"article","og_title":"Nostalgie d'enfance | Stickers - Une \u00e9closion de douceur","og_description":"Reproduction de mes aquarelles  La neige tombe ce soir, \u00e9veillant les souvenirs de mon enfance. Chaque illustration est une ode \u00e0 la nostalgie, un pont entre le pass\u00e9 et le pr\u00e9sent, un fil qui a tiss\u00e9 la personne que je suis devenue. Sur ces planches de stickers sont r\u00e9unis tous les \u00e9l\u00e9ments qui ont fa\u00e7onn\u00e9 ma jeunesse durant les cr\u00e9puscules d\u2019hiver : une maison dans la montagne, envelopp\u00e9e de son manteau blanc, ces habits que l\u2019on tricotait au coin du feu, et que dire de ces d\u00e9corations qui illuminaient notre int\u00e9rieur, ranimant la joie dans nos c\u0153urs ?  Et vous, avez-vous gard\u00e9 cette part d\u2019enfance au fond de vous ? Et si vous la raviviez gr\u00e2ce \u00e0 ces petits stickers \u00e0 coller partout o\u00f9 vous le souhaitez, dans vos carnets, pendant vos pauses journaling ou scrapbooking, ou sur vos bocaux, par exemple ! Ils sont tous imagin\u00e9s et imprim\u00e9s avec soin dans mon atelier !","og_url":"https:\/\/uneeclosiondedouceur.fr\/index.php\/produit\/nostalgie-denfance-stickers\/","og_site_name":"Une \u00e9closion de douceur","article_modified_time":"2025-12-05T17:13:00+00:00","og_image":[{"width":1326,"height":1768,"url":"https:\/\/uneeclosiondedouceur.fr\/wp-content\/uploads\/2025\/12\/IMG_20251201_132508.jpg","type":"image\/jpeg"}],"twitter_card":"summary_large_image","twitter_misc":{"Dur\u00e9e de lecture estim\u00e9e":"1 minute"},"schema":{"@context":"https:\/\/schema.org","@graph":[{"@type":"WebPage","@id":"https:\/\/uneeclosiondedouceur.fr\/index.php\/produit\/nostalgie-denfance-stickers\/","url":"https:\/\/uneeclosiondedouceur.fr\/index.php\/produit\/nostalgie-denfance-stickers\/","name":"Nostalgie d'enfance | Stickers - Une \u00e9closion de douceur","isPartOf":{"@id":"https:\/\/uneeclosiondedouceur.fr\/#website"},"primaryImageOfPage":{"@id":"https:\/\/uneeclosiondedouceur.fr\/index.php\/produit\/nostalgie-denfance-stickers\/#primaryimage"},"image":{"@id":"https:\/\/uneeclosiondedouceur.fr\/index.php\/produit\/nostalgie-denfance-stickers\/#primaryimage"},"thumbnailUrl":"https:\/\/uneeclosiondedouceur.fr\/wp-content\/uploads\/2025\/12\/IMG_20251201_132508.jpg","datePublished":"2025-12-05T12:53:17+00:00","dateModified":"2025-12-05T17:13:00+00:00","breadcrumb":{"@id":"https:\/\/uneeclosiondedouceur.fr\/index.php\/produit\/nostalgie-denfance-stickers\/#breadcrumb"},"inLanguage":"fr-FR","potentialAction":[{"@type":"ReadAction","target":["https:\/\/uneeclosiondedouceur.fr\/index.php\/produit\/nostalgie-denfance-stickers\/"]}]},{"@type":"ImageObject","inLanguage":"fr-FR","@id":"https:\/\/uneeclosiondedouceur.fr\/index.php\/produit\/nostalgie-denfance-stickers\/#primaryimage","url":"https:\/\/uneeclosiondedouceur.fr\/wp-content\/uploads\/2025\/12\/IMG_20251201_132508.jpg","contentUrl":"https:\/\/uneeclosiondedouceur.fr\/wp-content\/uploads\/2025\/12\/IMG_20251201_132508.jpg","width":1326,"height":1768},{"@type":"BreadcrumbList","@id":"https:\/\/uneeclosiondedouceur.fr\/index.php\/produit\/nostalgie-denfance-stickers\/#breadcrumb","itemListElement":[{"@type":"ListItem","position":1,"name":"Accueil","item":"https:\/\/uneeclosiondedouceur.fr\/"},{"@type":"ListItem","position":2,"name":"Boutique","item":"https:\/\/uneeclosiondedouceur.fr\/index.php\/boutique\/"},{"@type":"ListItem","position":3,"name":"Nostalgie d&rsquo;enfance | Stickers"}]},{"@type":"WebSite","@id":"https:\/\/uneeclosiondedouceur.fr\/#website","url":"https:\/\/uneeclosiondedouceur.fr\/","name":"Une \u00e9closion de douceur","description":"Cr\u00e9ations florales et po\u00e9tiques","publisher":{"@id":"https:\/\/uneeclosiondedouceur.fr\/#organization"},"potentialAction":[{"@type":"SearchAction","target":{"@type":"EntryPoint","urlTemplate":"https:\/\/uneeclosiondedouceur.fr\/?s={search_term_string}"},"query-input":{"@type":"PropertyValueSpecification","valueRequired":true,"valueName":"search_term_string"}}],"inLanguage":"fr-FR"},{"@type":"Organization","@id":"https:\/\/uneeclosiondedouceur.fr\/#organization","name":"Une \u00e9closion de douceur","url":"https:\/\/uneeclosiondedouceur.fr\/","logo":{"@type":"ImageObject","inLanguage":"fr-FR","@id":"https:\/\/uneeclosiondedouceur.fr\/#\/schema\/logo\/image\/","url":"https:\/\/uneeclosiondedouceur.fr\/wp-content\/uploads\/2025\/02\/Logo-2.png","contentUrl":"https:\/\/uneeclosiondedouceur.fr\/wp-content\/uploads\/2025\/02\/Logo-2.png","width":500,"height":500,"caption":"Une \u00e9closion de douceur"},"image":{"@id":"https:\/\/uneeclosiondedouceur.fr\/#\/schema\/logo\/image\/"},"sameAs":["https:\/\/www.instagram.com\/une.eclosion.de.douceur\/"]}]}},"jetpack_sharing_enabled":true,"_links":{"self":[{"href":"https:\/\/uneeclosiondedouceur.fr\/index.php\/wp-json\/wp\/v2\/product\/1698","targetHints":{"allow":["GET"]}}],"collection":[{"href":"https:\/\/uneeclosiondedouceur.fr\/index.php\/wp-json\/wp\/v2\/product"}],"about":[{"href":"https:\/\/uneeclosiondedouceur.fr\/index.php\/wp-json\/wp\/v2\/types\/product"}],"replies":[{"embeddable":true,"href":"https:\/\/uneeclosiondedouceur.fr\/index.php\/wp-json\/wp\/v2\/comments?post=1698"}],"version-history":[{"count":3,"href":"https:\/\/uneeclosiondedouceur.fr\/index.php\/wp-json\/wp\/v2\/product\/1698\/revisions"}],"predecessor-version":[{"id":1769,"href":"https:\/\/uneeclosiondedouceur.fr\/index.php\/wp-json\/wp\/v2\/product\/1698\/revisions\/1769"}],"wp:featuredmedia":[{"embeddable":true,"href":"https:\/\/uneeclosiondedouceur.fr\/index.php\/wp-json\/wp\/v2\/media\/1708"}],"wp:attachment":[{"href":"https:\/\/uneeclosiondedouceur.fr\/index.php\/wp-json\/wp\/v2\/media?parent=1698"}],"wp:term":[{"taxonomy":"product_brand","embeddable":true,"href":"https:\/\/uneeclosiondedouceur.fr\/index.php\/wp-json\/wp\/v2\/product_brand?post=1698"},{"taxonomy":"product_cat","embeddable":true,"href":"https:\/\/uneeclosiondedouceur.fr\/index.php\/wp-json\/wp\/v2\/product_cat?post=1698"},{"taxonomy":"product_tag","embeddable":true,"href":"https:\/\/uneeclosiondedouceur.fr\/index.php\/wp-json\/wp\/v2\/product_tag?post=1698"}],"curies":[{"name":"wp","href":"https:\/\/api.w.org\/{rel}","templated":true}]}}