{"id":1724,"date":"2025-12-05T16:00:27","date_gmt":"2025-12-05T15:00:27","guid":{"rendered":"https:\/\/uneeclosiondedouceur.fr\/?post_type=product&#038;p=1724"},"modified":"2026-02-21T19:16:25","modified_gmt":"2026-02-21T18:16:25","slug":"une-maison-dans-la-montagne-carte-personnalisee","status":"publish","type":"product","link":"https:\/\/uneeclosiondedouceur.fr\/index.php\/produit\/une-maison-dans-la-montagne-carte-personnalisee\/","title":{"rendered":"Une maison dans la montagne | Carte personnalis\u00e9e"},"content":{"rendered":"","protected":false},"excerpt":{"rendered":"<p>Reproduction de mes aquarelles<\/p>\n<p>Alors que je sillonnais le long d\u2019un sentier, j\u2019aper\u00e7us une maison au loin. Elle \u00e9tait recouverte de neige, la chemin\u00e9e fumait, et par les fen\u00eatres, on pouvait y voir de la lumi\u00e8re. Quelques d\u00e9corations de No\u00ebl \u00e9taient suspendues aux cadres des fen\u00eatres et aux branches des arbres entourant cette demeure. C\u2019est ce qui attira mon attention. Je la regardais longuement, le c\u0153ur rempli de joie en me rappelant les maisons de mon village en cette p\u00e9riode. Cependant, ces souvenirs revinrent subitement \u00e0 ma m\u00e9moire, et je r\u00e9alise qu\u2019il suffit de croire encore pour ranimer la magie de No\u00ebl !<\/p>\n<p>Et vous, dites-moi, croyez-vous qu\u2019on puisse croire \u00e0 nouveau \u00e0 cette magie ? Et si cela commen\u00e7ait par poser vos mots sur cette douce carte ? Quels mots aimeriez-vous y \u00e9crire ? Elles sont toutes imagin\u00e9es, imprim\u00e9es et d\u00e9coup\u00e9es avec soin dans mon atelier !<\/p>\n","protected":false},"featured_media":1733,"comment_status":"open","ping_status":"closed","template":"","meta":[],"product_brand":[],"product_cat":[33],"product_tag":[],"class_list":{"0":"post-1724","1":"product","2":"type-product","3":"status-publish","4":"has-post-thumbnail","6":"product_cat-un-murmure-dans-le-vent","7":"wcpa_has_options","9":"first","10":"instock","11":"shipping-taxable","12":"purchasable","13":"product-type-variable"},"yoast_head":"<!-- This site is optimized with the Yoast SEO plugin v27.3 - https:\/\/yoast.com\/product\/yoast-seo-wordpress\/ -->\n<title>Une maison dans la montagne | Carte personnalis\u00e9e - Une \u00e9closion de douceur<\/title>\n<meta name=\"robots\" content=\"index, follow, max-snippet:-1, max-image-preview:large, max-video-preview:-1\" \/>\n<link rel=\"canonical\" href=\"https:\/\/uneeclosiondedouceur.fr\/index.php\/produit\/une-maison-dans-la-montagne-carte-personnalisee\/\" \/>\n<meta property=\"og:locale\" content=\"fr_FR\" \/>\n<meta property=\"og:type\" content=\"article\" \/>\n<meta property=\"og:title\" content=\"Une maison dans la montagne | Carte personnalis\u00e9e - Une \u00e9closion de douceur\" \/>\n<meta property=\"og:description\" content=\"Reproduction de mes aquarelles  Alors que je sillonnais le long d\u2019un sentier, j\u2019aper\u00e7us une maison au loin. Elle \u00e9tait recouverte de neige, la chemin\u00e9e fumait, et par les fen\u00eatres, on pouvait y voir de la lumi\u00e8re. Quelques d\u00e9corations de No\u00ebl \u00e9taient suspendues aux cadres des fen\u00eatres et aux branches des arbres entourant cette demeure. C\u2019est ce qui attira mon attention. Je la regardais longuement, le c\u0153ur rempli de joie en me rappelant les maisons de mon village en cette p\u00e9riode. Cependant, ces souvenirs revinrent subitement \u00e0 ma m\u00e9moire, et je r\u00e9alise qu\u2019il suffit de croire encore pour ranimer la magie de No\u00ebl !  Et vous, dites-moi, croyez-vous qu\u2019on puisse croire \u00e0 nouveau \u00e0 cette magie ? Et si cela commen\u00e7ait par poser vos mots sur cette douce carte ? Quels mots aimeriez-vous y \u00e9crire ? Elles sont toutes imagin\u00e9es, imprim\u00e9es et d\u00e9coup\u00e9es avec soin dans mon atelier !\" \/>\n<meta property=\"og:url\" content=\"https:\/\/uneeclosiondedouceur.fr\/index.php\/produit\/une-maison-dans-la-montagne-carte-personnalisee\/\" \/>\n<meta property=\"og:site_name\" content=\"Une \u00e9closion de douceur\" \/>\n<meta property=\"article:modified_time\" content=\"2026-02-21T18:16:25+00:00\" \/>\n<meta property=\"og:image\" content=\"https:\/\/uneeclosiondedouceur.fr\/wp-content\/uploads\/2025\/12\/IMG_20251205_150358.jpg\" \/>\n\t<meta property=\"og:image:width\" content=\"1310\" \/>\n\t<meta property=\"og:image:height\" content=\"1746\" \/>\n\t<meta property=\"og:image:type\" content=\"image\/jpeg\" \/>\n<meta name=\"twitter:card\" content=\"summary_large_image\" \/>\n<meta name=\"twitter:label1\" content=\"Dur\u00e9e de lecture estim\u00e9e\" \/>\n\t<meta name=\"twitter:data1\" content=\"1 minute\" \/>\n<script type=\"application\/ld+json\" class=\"yoast-schema-graph\">{\"@context\":\"https:\\\/\\\/schema.org\",\"@graph\":[{\"@type\":\"WebPage\",\"@id\":\"https:\\\/\\\/uneeclosiondedouceur.fr\\\/index.php\\\/produit\\\/une-maison-dans-la-montagne-carte-personnalisee\\\/\",\"url\":\"https:\\\/\\\/uneeclosiondedouceur.fr\\\/index.php\\\/produit\\\/une-maison-dans-la-montagne-carte-personnalisee\\\/\",\"name\":\"Une maison dans la montagne | Carte personnalis\u00e9e - Une \u00e9closion de douceur\",\"isPartOf\":{\"@id\":\"https:\\\/\\\/uneeclosiondedouceur.fr\\\/#website\"},\"primaryImageOfPage\":{\"@id\":\"https:\\\/\\\/uneeclosiondedouceur.fr\\\/index.php\\\/produit\\\/une-maison-dans-la-montagne-carte-personnalisee\\\/#primaryimage\"},\"image\":{\"@id\":\"https:\\\/\\\/uneeclosiondedouceur.fr\\\/index.php\\\/produit\\\/une-maison-dans-la-montagne-carte-personnalisee\\\/#primaryimage\"},\"thumbnailUrl\":\"https:\\\/\\\/uneeclosiondedouceur.fr\\\/wp-content\\\/uploads\\\/2025\\\/12\\\/IMG_20251205_150358.jpg\",\"datePublished\":\"2025-12-05T15:00:27+00:00\",\"dateModified\":\"2026-02-21T18:16:25+00:00\",\"breadcrumb\":{\"@id\":\"https:\\\/\\\/uneeclosiondedouceur.fr\\\/index.php\\\/produit\\\/une-maison-dans-la-montagne-carte-personnalisee\\\/#breadcrumb\"},\"inLanguage\":\"fr-FR\",\"potentialAction\":[{\"@type\":\"ReadAction\",\"target\":[\"https:\\\/\\\/uneeclosiondedouceur.fr\\\/index.php\\\/produit\\\/une-maison-dans-la-montagne-carte-personnalisee\\\/\"]}]},{\"@type\":\"ImageObject\",\"inLanguage\":\"fr-FR\",\"@id\":\"https:\\\/\\\/uneeclosiondedouceur.fr\\\/index.php\\\/produit\\\/une-maison-dans-la-montagne-carte-personnalisee\\\/#primaryimage\",\"url\":\"https:\\\/\\\/uneeclosiondedouceur.fr\\\/wp-content\\\/uploads\\\/2025\\\/12\\\/IMG_20251205_150358.jpg\",\"contentUrl\":\"https:\\\/\\\/uneeclosiondedouceur.fr\\\/wp-content\\\/uploads\\\/2025\\\/12\\\/IMG_20251205_150358.jpg\",\"width\":1310,\"height\":1746},{\"@type\":\"BreadcrumbList\",\"@id\":\"https:\\\/\\\/uneeclosiondedouceur.fr\\\/index.php\\\/produit\\\/une-maison-dans-la-montagne-carte-personnalisee\\\/#breadcrumb\",\"itemListElement\":[{\"@type\":\"ListItem\",\"position\":1,\"name\":\"Accueil\",\"item\":\"https:\\\/\\\/uneeclosiondedouceur.fr\\\/\"},{\"@type\":\"ListItem\",\"position\":2,\"name\":\"Boutique\",\"item\":\"https:\\\/\\\/uneeclosiondedouceur.fr\\\/index.php\\\/boutique\\\/\"},{\"@type\":\"ListItem\",\"position\":3,\"name\":\"Une maison dans la montagne | Carte personnalis\u00e9e\"}]},{\"@type\":\"WebSite\",\"@id\":\"https:\\\/\\\/uneeclosiondedouceur.fr\\\/#website\",\"url\":\"https:\\\/\\\/uneeclosiondedouceur.fr\\\/\",\"name\":\"Une \u00e9closion de douceur\",\"description\":\"Cr\u00e9ations florales et po\u00e9tiques\",\"publisher\":{\"@id\":\"https:\\\/\\\/uneeclosiondedouceur.fr\\\/#organization\"},\"potentialAction\":[{\"@type\":\"SearchAction\",\"target\":{\"@type\":\"EntryPoint\",\"urlTemplate\":\"https:\\\/\\\/uneeclosiondedouceur.fr\\\/?s={search_term_string}\"},\"query-input\":{\"@type\":\"PropertyValueSpecification\",\"valueRequired\":true,\"valueName\":\"search_term_string\"}}],\"inLanguage\":\"fr-FR\"},{\"@type\":\"Organization\",\"@id\":\"https:\\\/\\\/uneeclosiondedouceur.fr\\\/#organization\",\"name\":\"Une \u00e9closion de douceur\",\"url\":\"https:\\\/\\\/uneeclosiondedouceur.fr\\\/\",\"logo\":{\"@type\":\"ImageObject\",\"inLanguage\":\"fr-FR\",\"@id\":\"https:\\\/\\\/uneeclosiondedouceur.fr\\\/#\\\/schema\\\/logo\\\/image\\\/\",\"url\":\"https:\\\/\\\/uneeclosiondedouceur.fr\\\/wp-content\\\/uploads\\\/2025\\\/02\\\/Logo-2.png\",\"contentUrl\":\"https:\\\/\\\/uneeclosiondedouceur.fr\\\/wp-content\\\/uploads\\\/2025\\\/02\\\/Logo-2.png\",\"width\":500,\"height\":500,\"caption\":\"Une \u00e9closion de douceur\"},\"image\":{\"@id\":\"https:\\\/\\\/uneeclosiondedouceur.fr\\\/#\\\/schema\\\/logo\\\/image\\\/\"},\"sameAs\":[\"https:\\\/\\\/www.instagram.com\\\/une.eclosion.de.douceur\\\/\"]}]}<\/script>\n<!-- \/ Yoast SEO plugin. -->","yoast_head_json":{"title":"Une maison dans la montagne | Carte personnalis\u00e9e - Une \u00e9closion de douceur","robots":{"index":"index","follow":"follow","max-snippet":"max-snippet:-1","max-image-preview":"max-image-preview:large","max-video-preview":"max-video-preview:-1"},"canonical":"https:\/\/uneeclosiondedouceur.fr\/index.php\/produit\/une-maison-dans-la-montagne-carte-personnalisee\/","og_locale":"fr_FR","og_type":"article","og_title":"Une maison dans la montagne | Carte personnalis\u00e9e - Une \u00e9closion de douceur","og_description":"Reproduction de mes aquarelles  Alors que je sillonnais le long d\u2019un sentier, j\u2019aper\u00e7us une maison au loin. Elle \u00e9tait recouverte de neige, la chemin\u00e9e fumait, et par les fen\u00eatres, on pouvait y voir de la lumi\u00e8re. Quelques d\u00e9corations de No\u00ebl \u00e9taient suspendues aux cadres des fen\u00eatres et aux branches des arbres entourant cette demeure. C\u2019est ce qui attira mon attention. Je la regardais longuement, le c\u0153ur rempli de joie en me rappelant les maisons de mon village en cette p\u00e9riode. Cependant, ces souvenirs revinrent subitement \u00e0 ma m\u00e9moire, et je r\u00e9alise qu\u2019il suffit de croire encore pour ranimer la magie de No\u00ebl !  Et vous, dites-moi, croyez-vous qu\u2019on puisse croire \u00e0 nouveau \u00e0 cette magie ? Et si cela commen\u00e7ait par poser vos mots sur cette douce carte ? Quels mots aimeriez-vous y \u00e9crire ? Elles sont toutes imagin\u00e9es, imprim\u00e9es et d\u00e9coup\u00e9es avec soin dans mon atelier !","og_url":"https:\/\/uneeclosiondedouceur.fr\/index.php\/produit\/une-maison-dans-la-montagne-carte-personnalisee\/","og_site_name":"Une \u00e9closion de douceur","article_modified_time":"2026-02-21T18:16:25+00:00","og_image":[{"width":1310,"height":1746,"url":"https:\/\/uneeclosiondedouceur.fr\/wp-content\/uploads\/2025\/12\/IMG_20251205_150358.jpg","type":"image\/jpeg"}],"twitter_card":"summary_large_image","twitter_misc":{"Dur\u00e9e de lecture estim\u00e9e":"1 minute"},"schema":{"@context":"https:\/\/schema.org","@graph":[{"@type":"WebPage","@id":"https:\/\/uneeclosiondedouceur.fr\/index.php\/produit\/une-maison-dans-la-montagne-carte-personnalisee\/","url":"https:\/\/uneeclosiondedouceur.fr\/index.php\/produit\/une-maison-dans-la-montagne-carte-personnalisee\/","name":"Une maison dans la montagne | Carte personnalis\u00e9e - Une \u00e9closion de douceur","isPartOf":{"@id":"https:\/\/uneeclosiondedouceur.fr\/#website"},"primaryImageOfPage":{"@id":"https:\/\/uneeclosiondedouceur.fr\/index.php\/produit\/une-maison-dans-la-montagne-carte-personnalisee\/#primaryimage"},"image":{"@id":"https:\/\/uneeclosiondedouceur.fr\/index.php\/produit\/une-maison-dans-la-montagne-carte-personnalisee\/#primaryimage"},"thumbnailUrl":"https:\/\/uneeclosiondedouceur.fr\/wp-content\/uploads\/2025\/12\/IMG_20251205_150358.jpg","datePublished":"2025-12-05T15:00:27+00:00","dateModified":"2026-02-21T18:16:25+00:00","breadcrumb":{"@id":"https:\/\/uneeclosiondedouceur.fr\/index.php\/produit\/une-maison-dans-la-montagne-carte-personnalisee\/#breadcrumb"},"inLanguage":"fr-FR","potentialAction":[{"@type":"ReadAction","target":["https:\/\/uneeclosiondedouceur.fr\/index.php\/produit\/une-maison-dans-la-montagne-carte-personnalisee\/"]}]},{"@type":"ImageObject","inLanguage":"fr-FR","@id":"https:\/\/uneeclosiondedouceur.fr\/index.php\/produit\/une-maison-dans-la-montagne-carte-personnalisee\/#primaryimage","url":"https:\/\/uneeclosiondedouceur.fr\/wp-content\/uploads\/2025\/12\/IMG_20251205_150358.jpg","contentUrl":"https:\/\/uneeclosiondedouceur.fr\/wp-content\/uploads\/2025\/12\/IMG_20251205_150358.jpg","width":1310,"height":1746},{"@type":"BreadcrumbList","@id":"https:\/\/uneeclosiondedouceur.fr\/index.php\/produit\/une-maison-dans-la-montagne-carte-personnalisee\/#breadcrumb","itemListElement":[{"@type":"ListItem","position":1,"name":"Accueil","item":"https:\/\/uneeclosiondedouceur.fr\/"},{"@type":"ListItem","position":2,"name":"Boutique","item":"https:\/\/uneeclosiondedouceur.fr\/index.php\/boutique\/"},{"@type":"ListItem","position":3,"name":"Une maison dans la montagne | Carte personnalis\u00e9e"}]},{"@type":"WebSite","@id":"https:\/\/uneeclosiondedouceur.fr\/#website","url":"https:\/\/uneeclosiondedouceur.fr\/","name":"Une \u00e9closion de douceur","description":"Cr\u00e9ations florales et po\u00e9tiques","publisher":{"@id":"https:\/\/uneeclosiondedouceur.fr\/#organization"},"potentialAction":[{"@type":"SearchAction","target":{"@type":"EntryPoint","urlTemplate":"https:\/\/uneeclosiondedouceur.fr\/?s={search_term_string}"},"query-input":{"@type":"PropertyValueSpecification","valueRequired":true,"valueName":"search_term_string"}}],"inLanguage":"fr-FR"},{"@type":"Organization","@id":"https:\/\/uneeclosiondedouceur.fr\/#organization","name":"Une \u00e9closion de douceur","url":"https:\/\/uneeclosiondedouceur.fr\/","logo":{"@type":"ImageObject","inLanguage":"fr-FR","@id":"https:\/\/uneeclosiondedouceur.fr\/#\/schema\/logo\/image\/","url":"https:\/\/uneeclosiondedouceur.fr\/wp-content\/uploads\/2025\/02\/Logo-2.png","contentUrl":"https:\/\/uneeclosiondedouceur.fr\/wp-content\/uploads\/2025\/02\/Logo-2.png","width":500,"height":500,"caption":"Une \u00e9closion de douceur"},"image":{"@id":"https:\/\/uneeclosiondedouceur.fr\/#\/schema\/logo\/image\/"},"sameAs":["https:\/\/www.instagram.com\/une.eclosion.de.douceur\/"]}]}},"jetpack_sharing_enabled":true,"_links":{"self":[{"href":"https:\/\/uneeclosiondedouceur.fr\/index.php\/wp-json\/wp\/v2\/product\/1724","targetHints":{"allow":["GET"]}}],"collection":[{"href":"https:\/\/uneeclosiondedouceur.fr\/index.php\/wp-json\/wp\/v2\/product"}],"about":[{"href":"https:\/\/uneeclosiondedouceur.fr\/index.php\/wp-json\/wp\/v2\/types\/product"}],"replies":[{"embeddable":true,"href":"https:\/\/uneeclosiondedouceur.fr\/index.php\/wp-json\/wp\/v2\/comments?post=1724"}],"version-history":[{"count":4,"href":"https:\/\/uneeclosiondedouceur.fr\/index.php\/wp-json\/wp\/v2\/product\/1724\/revisions"}],"predecessor-version":[{"id":1824,"href":"https:\/\/uneeclosiondedouceur.fr\/index.php\/wp-json\/wp\/v2\/product\/1724\/revisions\/1824"}],"wp:featuredmedia":[{"embeddable":true,"href":"https:\/\/uneeclosiondedouceur.fr\/index.php\/wp-json\/wp\/v2\/media\/1733"}],"wp:attachment":[{"href":"https:\/\/uneeclosiondedouceur.fr\/index.php\/wp-json\/wp\/v2\/media?parent=1724"}],"wp:term":[{"taxonomy":"product_brand","embeddable":true,"href":"https:\/\/uneeclosiondedouceur.fr\/index.php\/wp-json\/wp\/v2\/product_brand?post=1724"},{"taxonomy":"product_cat","embeddable":true,"href":"https:\/\/uneeclosiondedouceur.fr\/index.php\/wp-json\/wp\/v2\/product_cat?post=1724"},{"taxonomy":"product_tag","embeddable":true,"href":"https:\/\/uneeclosiondedouceur.fr\/index.php\/wp-json\/wp\/v2\/product_tag?post=1724"}],"curies":[{"name":"wp","href":"https:\/\/api.w.org\/{rel}","templated":true}]}}