{"id":1744,"date":"2025-12-05T17:25:38","date_gmt":"2025-12-05T16:25:38","guid":{"rendered":"https:\/\/uneeclosiondedouceur.fr\/?post_type=product&#038;p=1744"},"modified":"2026-02-21T19:15:40","modified_gmt":"2026-02-21T18:15:40","slug":"un-souffle-de-passion-carte-personnalisee","status":"publish","type":"product","link":"https:\/\/uneeclosiondedouceur.fr\/index.php\/produit\/un-souffle-de-passion-carte-personnalisee\/","title":{"rendered":"Un souffle de passion| Carte personnalis\u00e9e"},"content":{"rendered":"","protected":false},"excerpt":{"rendered":"<p>Reproduction de mes aquarelles<\/p>\n<p>Lorsque j\u2019\u00e9tais enfant, j\u2019aimais passer l\u2019apr\u00e8s-midi \u00e0 d\u00e9corer le sapin de No\u00ebl avec toute ma famille. C\u2019\u00e9tait le rituel de fin d\u2019ann\u00e9e et de d\u00e9but de vacances scolaires. Mon p\u00e8re avait une grosse valise remplie de d\u00e9corations de No\u00ebl, dont des boules en verre \u00e0 accrocher aux branches du sapin. Elles scintillaient de mille nuances. Certaines \u00e9taient rev\u00eatues de paill\u00e8tes, d\u2019autres de jolis \u00e9clats color\u00e9s. Il y en avait de toutes les tailles, de toutes les formes, de toutes les couleurs, et d\u00e9cor\u00e9es de motifs vari\u00e9s.<\/p>\n<p>D\u2019ailleurs, savais-tu que les premi\u00e8res boules de No\u00ebl \u00e9taient en r\u00e9alit\u00e9 des pommes et des bougies qu\u2019on suspendait, dans un premier temps, aux branches d\u2019un \u00e9pic\u00e9a avant d\u2019\u00eatre remplac\u00e9es par le traditionnel sapin de No\u00ebl ? Ce n\u2019est qu\u2019en 1858 que des artisans verriers ont voulu remplacer les pommes et les bougies, ces derni\u00e8res \u00e9tant bien trop dangereuses, par des boules en verre qu\u2019ils avaient eux-m\u00eames souffl\u00e9es !<\/p>\n<p>Et vous, dites moi, \u00eates-vous plut\u00f4t tradition ou modernit\u00e9 ? Peut-\u00eatre pourriez-vous partager cette magie de No\u00ebl en envoyant une douce carte ! Elles sont toutes imagin\u00e9es, imprim\u00e9es et d\u00e9coup\u00e9es avec soin dans mon atelier !<\/p>\n","protected":false},"featured_media":1745,"comment_status":"open","ping_status":"closed","template":"","meta":[],"product_brand":[],"product_cat":[33],"product_tag":[],"class_list":{"0":"post-1744","1":"product","2":"type-product","3":"status-publish","4":"has-post-thumbnail","6":"product_cat-un-murmure-dans-le-vent","7":"wcpa_has_options","9":"first","10":"instock","11":"shipping-taxable","12":"purchasable","13":"product-type-variable"},"yoast_head":"<!-- This site is optimized with the Yoast SEO plugin v27.3 - https:\/\/yoast.com\/product\/yoast-seo-wordpress\/ -->\n<title>Un souffle de passion| Carte personnalis\u00e9e - Une \u00e9closion de douceur<\/title>\n<meta name=\"robots\" content=\"index, follow, max-snippet:-1, max-image-preview:large, max-video-preview:-1\" \/>\n<link rel=\"canonical\" href=\"https:\/\/uneeclosiondedouceur.fr\/index.php\/produit\/un-souffle-de-passion-carte-personnalisee\/\" \/>\n<meta property=\"og:locale\" content=\"fr_FR\" \/>\n<meta property=\"og:type\" content=\"article\" \/>\n<meta property=\"og:title\" content=\"Un souffle de passion| Carte personnalis\u00e9e - Une \u00e9closion de douceur\" \/>\n<meta property=\"og:description\" content=\"Reproduction de mes aquarelles  Lorsque j\u2019\u00e9tais enfant, j\u2019aimais passer l\u2019apr\u00e8s-midi \u00e0 d\u00e9corer le sapin de No\u00ebl avec toute ma famille. C\u2019\u00e9tait le rituel de fin d\u2019ann\u00e9e et de d\u00e9but de vacances scolaires. Mon p\u00e8re avait une grosse valise remplie de d\u00e9corations de No\u00ebl, dont des boules en verre \u00e0 accrocher aux branches du sapin. Elles scintillaient de mille nuances. Certaines \u00e9taient rev\u00eatues de paill\u00e8tes, d\u2019autres de jolis \u00e9clats color\u00e9s. Il y en avait de toutes les tailles, de toutes les formes, de toutes les couleurs, et d\u00e9cor\u00e9es de motifs vari\u00e9s.  D\u2019ailleurs, savais-tu que les premi\u00e8res boules de No\u00ebl \u00e9taient en r\u00e9alit\u00e9 des pommes et des bougies qu\u2019on suspendait, dans un premier temps, aux branches d\u2019un \u00e9pic\u00e9a avant d\u2019\u00eatre remplac\u00e9es par le traditionnel sapin de No\u00ebl ? Ce n\u2019est qu\u2019en 1858 que des artisans verriers ont voulu remplacer les pommes et les bougies, ces derni\u00e8res \u00e9tant bien trop dangereuses, par des boules en verre qu\u2019ils avaient eux-m\u00eames souffl\u00e9es !  Et vous, dites moi, \u00eates-vous plut\u00f4t tradition ou modernit\u00e9 ? Peut-\u00eatre pourriez-vous partager cette magie de No\u00ebl en envoyant une douce carte ! Elles sont toutes imagin\u00e9es, imprim\u00e9es et d\u00e9coup\u00e9es avec soin dans mon atelier !\" \/>\n<meta property=\"og:url\" content=\"https:\/\/uneeclosiondedouceur.fr\/index.php\/produit\/un-souffle-de-passion-carte-personnalisee\/\" \/>\n<meta property=\"og:site_name\" content=\"Une \u00e9closion de douceur\" \/>\n<meta property=\"article:modified_time\" content=\"2026-02-21T18:15:40+00:00\" \/>\n<meta property=\"og:image\" content=\"https:\/\/uneeclosiondedouceur.fr\/wp-content\/uploads\/2025\/12\/IMG_20251205_150423.jpg\" \/>\n\t<meta property=\"og:image:width\" content=\"1452\" \/>\n\t<meta property=\"og:image:height\" content=\"1936\" \/>\n\t<meta property=\"og:image:type\" content=\"image\/jpeg\" \/>\n<meta name=\"twitter:card\" content=\"summary_large_image\" \/>\n<meta name=\"twitter:label1\" content=\"Dur\u00e9e de lecture estim\u00e9e\" \/>\n\t<meta name=\"twitter:data1\" content=\"1 minute\" \/>\n<script type=\"application\/ld+json\" class=\"yoast-schema-graph\">{\"@context\":\"https:\\\/\\\/schema.org\",\"@graph\":[{\"@type\":\"WebPage\",\"@id\":\"https:\\\/\\\/uneeclosiondedouceur.fr\\\/index.php\\\/produit\\\/un-souffle-de-passion-carte-personnalisee\\\/\",\"url\":\"https:\\\/\\\/uneeclosiondedouceur.fr\\\/index.php\\\/produit\\\/un-souffle-de-passion-carte-personnalisee\\\/\",\"name\":\"Un souffle de passion| Carte personnalis\u00e9e - Une \u00e9closion de douceur\",\"isPartOf\":{\"@id\":\"https:\\\/\\\/uneeclosiondedouceur.fr\\\/#website\"},\"primaryImageOfPage\":{\"@id\":\"https:\\\/\\\/uneeclosiondedouceur.fr\\\/index.php\\\/produit\\\/un-souffle-de-passion-carte-personnalisee\\\/#primaryimage\"},\"image\":{\"@id\":\"https:\\\/\\\/uneeclosiondedouceur.fr\\\/index.php\\\/produit\\\/un-souffle-de-passion-carte-personnalisee\\\/#primaryimage\"},\"thumbnailUrl\":\"https:\\\/\\\/uneeclosiondedouceur.fr\\\/wp-content\\\/uploads\\\/2025\\\/12\\\/IMG_20251205_150423.jpg\",\"datePublished\":\"2025-12-05T16:25:38+00:00\",\"dateModified\":\"2026-02-21T18:15:40+00:00\",\"breadcrumb\":{\"@id\":\"https:\\\/\\\/uneeclosiondedouceur.fr\\\/index.php\\\/produit\\\/un-souffle-de-passion-carte-personnalisee\\\/#breadcrumb\"},\"inLanguage\":\"fr-FR\",\"potentialAction\":[{\"@type\":\"ReadAction\",\"target\":[\"https:\\\/\\\/uneeclosiondedouceur.fr\\\/index.php\\\/produit\\\/un-souffle-de-passion-carte-personnalisee\\\/\"]}]},{\"@type\":\"ImageObject\",\"inLanguage\":\"fr-FR\",\"@id\":\"https:\\\/\\\/uneeclosiondedouceur.fr\\\/index.php\\\/produit\\\/un-souffle-de-passion-carte-personnalisee\\\/#primaryimage\",\"url\":\"https:\\\/\\\/uneeclosiondedouceur.fr\\\/wp-content\\\/uploads\\\/2025\\\/12\\\/IMG_20251205_150423.jpg\",\"contentUrl\":\"https:\\\/\\\/uneeclosiondedouceur.fr\\\/wp-content\\\/uploads\\\/2025\\\/12\\\/IMG_20251205_150423.jpg\",\"width\":1452,\"height\":1936},{\"@type\":\"BreadcrumbList\",\"@id\":\"https:\\\/\\\/uneeclosiondedouceur.fr\\\/index.php\\\/produit\\\/un-souffle-de-passion-carte-personnalisee\\\/#breadcrumb\",\"itemListElement\":[{\"@type\":\"ListItem\",\"position\":1,\"name\":\"Accueil\",\"item\":\"https:\\\/\\\/uneeclosiondedouceur.fr\\\/\"},{\"@type\":\"ListItem\",\"position\":2,\"name\":\"Boutique\",\"item\":\"https:\\\/\\\/uneeclosiondedouceur.fr\\\/index.php\\\/boutique\\\/\"},{\"@type\":\"ListItem\",\"position\":3,\"name\":\"Un souffle de passion| Carte personnalis\u00e9e\"}]},{\"@type\":\"WebSite\",\"@id\":\"https:\\\/\\\/uneeclosiondedouceur.fr\\\/#website\",\"url\":\"https:\\\/\\\/uneeclosiondedouceur.fr\\\/\",\"name\":\"Une \u00e9closion de douceur\",\"description\":\"Cr\u00e9ations florales et po\u00e9tiques\",\"publisher\":{\"@id\":\"https:\\\/\\\/uneeclosiondedouceur.fr\\\/#organization\"},\"potentialAction\":[{\"@type\":\"SearchAction\",\"target\":{\"@type\":\"EntryPoint\",\"urlTemplate\":\"https:\\\/\\\/uneeclosiondedouceur.fr\\\/?s={search_term_string}\"},\"query-input\":{\"@type\":\"PropertyValueSpecification\",\"valueRequired\":true,\"valueName\":\"search_term_string\"}}],\"inLanguage\":\"fr-FR\"},{\"@type\":\"Organization\",\"@id\":\"https:\\\/\\\/uneeclosiondedouceur.fr\\\/#organization\",\"name\":\"Une \u00e9closion de douceur\",\"url\":\"https:\\\/\\\/uneeclosiondedouceur.fr\\\/\",\"logo\":{\"@type\":\"ImageObject\",\"inLanguage\":\"fr-FR\",\"@id\":\"https:\\\/\\\/uneeclosiondedouceur.fr\\\/#\\\/schema\\\/logo\\\/image\\\/\",\"url\":\"https:\\\/\\\/uneeclosiondedouceur.fr\\\/wp-content\\\/uploads\\\/2025\\\/02\\\/Logo-2.png\",\"contentUrl\":\"https:\\\/\\\/uneeclosiondedouceur.fr\\\/wp-content\\\/uploads\\\/2025\\\/02\\\/Logo-2.png\",\"width\":500,\"height\":500,\"caption\":\"Une \u00e9closion de douceur\"},\"image\":{\"@id\":\"https:\\\/\\\/uneeclosiondedouceur.fr\\\/#\\\/schema\\\/logo\\\/image\\\/\"},\"sameAs\":[\"https:\\\/\\\/www.instagram.com\\\/une.eclosion.de.douceur\\\/\"]}]}<\/script>\n<!-- \/ Yoast SEO plugin. -->","yoast_head_json":{"title":"Un souffle de passion| Carte personnalis\u00e9e - Une \u00e9closion de douceur","robots":{"index":"index","follow":"follow","max-snippet":"max-snippet:-1","max-image-preview":"max-image-preview:large","max-video-preview":"max-video-preview:-1"},"canonical":"https:\/\/uneeclosiondedouceur.fr\/index.php\/produit\/un-souffle-de-passion-carte-personnalisee\/","og_locale":"fr_FR","og_type":"article","og_title":"Un souffle de passion| Carte personnalis\u00e9e - Une \u00e9closion de douceur","og_description":"Reproduction de mes aquarelles  Lorsque j\u2019\u00e9tais enfant, j\u2019aimais passer l\u2019apr\u00e8s-midi \u00e0 d\u00e9corer le sapin de No\u00ebl avec toute ma famille. C\u2019\u00e9tait le rituel de fin d\u2019ann\u00e9e et de d\u00e9but de vacances scolaires. Mon p\u00e8re avait une grosse valise remplie de d\u00e9corations de No\u00ebl, dont des boules en verre \u00e0 accrocher aux branches du sapin. Elles scintillaient de mille nuances. Certaines \u00e9taient rev\u00eatues de paill\u00e8tes, d\u2019autres de jolis \u00e9clats color\u00e9s. Il y en avait de toutes les tailles, de toutes les formes, de toutes les couleurs, et d\u00e9cor\u00e9es de motifs vari\u00e9s.  D\u2019ailleurs, savais-tu que les premi\u00e8res boules de No\u00ebl \u00e9taient en r\u00e9alit\u00e9 des pommes et des bougies qu\u2019on suspendait, dans un premier temps, aux branches d\u2019un \u00e9pic\u00e9a avant d\u2019\u00eatre remplac\u00e9es par le traditionnel sapin de No\u00ebl ? Ce n\u2019est qu\u2019en 1858 que des artisans verriers ont voulu remplacer les pommes et les bougies, ces derni\u00e8res \u00e9tant bien trop dangereuses, par des boules en verre qu\u2019ils avaient eux-m\u00eames souffl\u00e9es !  Et vous, dites moi, \u00eates-vous plut\u00f4t tradition ou modernit\u00e9 ? Peut-\u00eatre pourriez-vous partager cette magie de No\u00ebl en envoyant une douce carte ! Elles sont toutes imagin\u00e9es, imprim\u00e9es et d\u00e9coup\u00e9es avec soin dans mon atelier !","og_url":"https:\/\/uneeclosiondedouceur.fr\/index.php\/produit\/un-souffle-de-passion-carte-personnalisee\/","og_site_name":"Une \u00e9closion de douceur","article_modified_time":"2026-02-21T18:15:40+00:00","og_image":[{"width":1452,"height":1936,"url":"https:\/\/uneeclosiondedouceur.fr\/wp-content\/uploads\/2025\/12\/IMG_20251205_150423.jpg","type":"image\/jpeg"}],"twitter_card":"summary_large_image","twitter_misc":{"Dur\u00e9e de lecture estim\u00e9e":"1 minute"},"schema":{"@context":"https:\/\/schema.org","@graph":[{"@type":"WebPage","@id":"https:\/\/uneeclosiondedouceur.fr\/index.php\/produit\/un-souffle-de-passion-carte-personnalisee\/","url":"https:\/\/uneeclosiondedouceur.fr\/index.php\/produit\/un-souffle-de-passion-carte-personnalisee\/","name":"Un souffle de passion| Carte personnalis\u00e9e - Une \u00e9closion de douceur","isPartOf":{"@id":"https:\/\/uneeclosiondedouceur.fr\/#website"},"primaryImageOfPage":{"@id":"https:\/\/uneeclosiondedouceur.fr\/index.php\/produit\/un-souffle-de-passion-carte-personnalisee\/#primaryimage"},"image":{"@id":"https:\/\/uneeclosiondedouceur.fr\/index.php\/produit\/un-souffle-de-passion-carte-personnalisee\/#primaryimage"},"thumbnailUrl":"https:\/\/uneeclosiondedouceur.fr\/wp-content\/uploads\/2025\/12\/IMG_20251205_150423.jpg","datePublished":"2025-12-05T16:25:38+00:00","dateModified":"2026-02-21T18:15:40+00:00","breadcrumb":{"@id":"https:\/\/uneeclosiondedouceur.fr\/index.php\/produit\/un-souffle-de-passion-carte-personnalisee\/#breadcrumb"},"inLanguage":"fr-FR","potentialAction":[{"@type":"ReadAction","target":["https:\/\/uneeclosiondedouceur.fr\/index.php\/produit\/un-souffle-de-passion-carte-personnalisee\/"]}]},{"@type":"ImageObject","inLanguage":"fr-FR","@id":"https:\/\/uneeclosiondedouceur.fr\/index.php\/produit\/un-souffle-de-passion-carte-personnalisee\/#primaryimage","url":"https:\/\/uneeclosiondedouceur.fr\/wp-content\/uploads\/2025\/12\/IMG_20251205_150423.jpg","contentUrl":"https:\/\/uneeclosiondedouceur.fr\/wp-content\/uploads\/2025\/12\/IMG_20251205_150423.jpg","width":1452,"height":1936},{"@type":"BreadcrumbList","@id":"https:\/\/uneeclosiondedouceur.fr\/index.php\/produit\/un-souffle-de-passion-carte-personnalisee\/#breadcrumb","itemListElement":[{"@type":"ListItem","position":1,"name":"Accueil","item":"https:\/\/uneeclosiondedouceur.fr\/"},{"@type":"ListItem","position":2,"name":"Boutique","item":"https:\/\/uneeclosiondedouceur.fr\/index.php\/boutique\/"},{"@type":"ListItem","position":3,"name":"Un souffle de passion| Carte personnalis\u00e9e"}]},{"@type":"WebSite","@id":"https:\/\/uneeclosiondedouceur.fr\/#website","url":"https:\/\/uneeclosiondedouceur.fr\/","name":"Une \u00e9closion de douceur","description":"Cr\u00e9ations florales et po\u00e9tiques","publisher":{"@id":"https:\/\/uneeclosiondedouceur.fr\/#organization"},"potentialAction":[{"@type":"SearchAction","target":{"@type":"EntryPoint","urlTemplate":"https:\/\/uneeclosiondedouceur.fr\/?s={search_term_string}"},"query-input":{"@type":"PropertyValueSpecification","valueRequired":true,"valueName":"search_term_string"}}],"inLanguage":"fr-FR"},{"@type":"Organization","@id":"https:\/\/uneeclosiondedouceur.fr\/#organization","name":"Une \u00e9closion de douceur","url":"https:\/\/uneeclosiondedouceur.fr\/","logo":{"@type":"ImageObject","inLanguage":"fr-FR","@id":"https:\/\/uneeclosiondedouceur.fr\/#\/schema\/logo\/image\/","url":"https:\/\/uneeclosiondedouceur.fr\/wp-content\/uploads\/2025\/02\/Logo-2.png","contentUrl":"https:\/\/uneeclosiondedouceur.fr\/wp-content\/uploads\/2025\/02\/Logo-2.png","width":500,"height":500,"caption":"Une \u00e9closion de douceur"},"image":{"@id":"https:\/\/uneeclosiondedouceur.fr\/#\/schema\/logo\/image\/"},"sameAs":["https:\/\/www.instagram.com\/une.eclosion.de.douceur\/"]}]}},"jetpack_sharing_enabled":true,"_links":{"self":[{"href":"https:\/\/uneeclosiondedouceur.fr\/index.php\/wp-json\/wp\/v2\/product\/1744","targetHints":{"allow":["GET"]}}],"collection":[{"href":"https:\/\/uneeclosiondedouceur.fr\/index.php\/wp-json\/wp\/v2\/product"}],"about":[{"href":"https:\/\/uneeclosiondedouceur.fr\/index.php\/wp-json\/wp\/v2\/types\/product"}],"replies":[{"embeddable":true,"href":"https:\/\/uneeclosiondedouceur.fr\/index.php\/wp-json\/wp\/v2\/comments?post=1744"}],"version-history":[{"count":4,"href":"https:\/\/uneeclosiondedouceur.fr\/index.php\/wp-json\/wp\/v2\/product\/1744\/revisions"}],"predecessor-version":[{"id":1822,"href":"https:\/\/uneeclosiondedouceur.fr\/index.php\/wp-json\/wp\/v2\/product\/1744\/revisions\/1822"}],"wp:featuredmedia":[{"embeddable":true,"href":"https:\/\/uneeclosiondedouceur.fr\/index.php\/wp-json\/wp\/v2\/media\/1745"}],"wp:attachment":[{"href":"https:\/\/uneeclosiondedouceur.fr\/index.php\/wp-json\/wp\/v2\/media?parent=1744"}],"wp:term":[{"taxonomy":"product_brand","embeddable":true,"href":"https:\/\/uneeclosiondedouceur.fr\/index.php\/wp-json\/wp\/v2\/product_brand?post=1744"},{"taxonomy":"product_cat","embeddable":true,"href":"https:\/\/uneeclosiondedouceur.fr\/index.php\/wp-json\/wp\/v2\/product_cat?post=1744"},{"taxonomy":"product_tag","embeddable":true,"href":"https:\/\/uneeclosiondedouceur.fr\/index.php\/wp-json\/wp\/v2\/product_tag?post=1744"}],"curies":[{"name":"wp","href":"https:\/\/api.w.org\/{rel}","templated":true}]}}