{"id":654,"date":"2025-04-22T14:07:11","date_gmt":"2025-04-22T12:07:11","guid":{"rendered":"https:\/\/uneeclosiondedouceur.fr\/?post_type=product&#038;p=654"},"modified":"2026-02-21T19:28:53","modified_gmt":"2026-02-21T18:28:53","slug":"beaute-envoutante-boucles-d-oreilles","status":"publish","type":"product","link":"https:\/\/uneeclosiondedouceur.fr\/index.php\/produit\/beaute-envoutante-boucles-d-oreilles\/","title":{"rendered":"Beaut\u00e9 envo\u00fbtante | Boucles d&rsquo;oreilles"},"content":{"rendered":"","protected":false},"excerpt":{"rendered":"<p class=\"p1\">Souvent, je me languis de voir le jour laisser place au soir. Un instant que j\u2019appr\u00e9cie pour sa qui\u00e9tude, sa lenteur et sa beaut\u00e9. L\u2019horizon s\u2019embrase de couleurs chatoyantes tandis que le monde semble s\u2019endormir. Le bruit n\u2019est plus que silence. Un c\u0153ur s\u2019abreuvant de la vacuit\u00e9 de cet instant.<\/p>\n<p class=\"p1\">Alors je me prom\u00e8ne dans mon jardin, admirant ces fleurs blanches et si odorantes qu\u2019elles ne passent gu\u00e8re inaper\u00e7ues. Voici le jasmin, une fleur venue d\u2019Orient que j\u2019ai souhait\u00e9 agr\u00e9menter de v\u00e9ritables pierres de labradorite pour rappeler la mysticit\u00e9 de cette fleur. Cette pierre favorise \u00e9galement la paix int\u00e9rieure et nous prot\u00e8ge des \u00e9nergies n\u00e9gatives environnantes.<\/p>\n","protected":false},"featured_media":1620,"comment_status":"open","ping_status":"closed","template":"","meta":[],"product_brand":[],"product_cat":[23],"product_tag":[],"class_list":{"0":"post-654","1":"product","2":"type-product","3":"status-publish","4":"has-post-thumbnail","6":"product_cat-eclats-demotions","8":"first","9":"instock","10":"shipping-taxable","11":"purchasable","12":"product-type-variable"},"yoast_head":"<!-- This site is optimized with the Yoast SEO plugin v27.3 - https:\/\/yoast.com\/product\/yoast-seo-wordpress\/ -->\n<title>Beaut\u00e9 envo\u00fbtante | Boucles d&#039;oreilles - Une \u00e9closion de douceur<\/title>\n<meta name=\"robots\" content=\"index, follow, max-snippet:-1, max-image-preview:large, max-video-preview:-1\" \/>\n<link rel=\"canonical\" href=\"https:\/\/uneeclosiondedouceur.fr\/index.php\/produit\/beaute-envoutante-boucles-d-oreilles\/\" \/>\n<meta property=\"og:locale\" content=\"fr_FR\" \/>\n<meta property=\"og:type\" content=\"article\" \/>\n<meta property=\"og:title\" content=\"Beaut\u00e9 envo\u00fbtante | Boucles d&#039;oreilles - Une \u00e9closion de douceur\" \/>\n<meta property=\"og:description\" content=\"Souvent, je me languis de voir le jour laisser place au soir. Un instant que j\u2019appr\u00e9cie pour sa qui\u00e9tude, sa lenteur et sa beaut\u00e9. L\u2019horizon s\u2019embrase de couleurs chatoyantes tandis que le monde semble s\u2019endormir. Le bruit n\u2019est plus que silence. Un c\u0153ur s\u2019abreuvant de la vacuit\u00e9 de cet instant. Alors je me prom\u00e8ne dans mon jardin, admirant ces fleurs blanches et si odorantes qu\u2019elles ne passent gu\u00e8re inaper\u00e7ues. Voici le jasmin, une fleur venue d\u2019Orient que j\u2019ai souhait\u00e9 agr\u00e9menter de v\u00e9ritables pierres de labradorite pour rappeler la mysticit\u00e9 de cette fleur. Cette pierre favorise \u00e9galement la paix int\u00e9rieure et nous prot\u00e8ge des \u00e9nergies n\u00e9gatives environnantes.\" \/>\n<meta property=\"og:url\" content=\"https:\/\/uneeclosiondedouceur.fr\/index.php\/produit\/beaute-envoutante-boucles-d-oreilles\/\" \/>\n<meta property=\"og:site_name\" content=\"Une \u00e9closion de douceur\" \/>\n<meta property=\"article:modified_time\" content=\"2026-02-21T18:28:53+00:00\" \/>\n<meta property=\"og:image\" content=\"https:\/\/uneeclosiondedouceur.fr\/wp-content\/uploads\/2025\/04\/IMG_20251112_110325.jpg\" \/>\n\t<meta property=\"og:image:width\" content=\"1663\" \/>\n\t<meta property=\"og:image:height\" content=\"2217\" \/>\n\t<meta property=\"og:image:type\" content=\"image\/jpeg\" \/>\n<meta name=\"twitter:card\" content=\"summary_large_image\" \/>\n<meta name=\"twitter:label1\" content=\"Dur\u00e9e de lecture estim\u00e9e\" \/>\n\t<meta name=\"twitter:data1\" content=\"1 minute\" \/>\n<script type=\"application\/ld+json\" class=\"yoast-schema-graph\">{\"@context\":\"https:\\\/\\\/schema.org\",\"@graph\":[{\"@type\":\"WebPage\",\"@id\":\"https:\\\/\\\/uneeclosiondedouceur.fr\\\/index.php\\\/produit\\\/beaute-envoutante-boucles-d-oreilles\\\/\",\"url\":\"https:\\\/\\\/uneeclosiondedouceur.fr\\\/index.php\\\/produit\\\/beaute-envoutante-boucles-d-oreilles\\\/\",\"name\":\"Beaut\u00e9 envo\u00fbtante | Boucles d'oreilles - Une \u00e9closion de douceur\",\"isPartOf\":{\"@id\":\"https:\\\/\\\/uneeclosiondedouceur.fr\\\/#website\"},\"primaryImageOfPage\":{\"@id\":\"https:\\\/\\\/uneeclosiondedouceur.fr\\\/index.php\\\/produit\\\/beaute-envoutante-boucles-d-oreilles\\\/#primaryimage\"},\"image\":{\"@id\":\"https:\\\/\\\/uneeclosiondedouceur.fr\\\/index.php\\\/produit\\\/beaute-envoutante-boucles-d-oreilles\\\/#primaryimage\"},\"thumbnailUrl\":\"https:\\\/\\\/uneeclosiondedouceur.fr\\\/wp-content\\\/uploads\\\/2025\\\/04\\\/IMG_20251112_110325.jpg\",\"datePublished\":\"2025-04-22T12:07:11+00:00\",\"dateModified\":\"2026-02-21T18:28:53+00:00\",\"breadcrumb\":{\"@id\":\"https:\\\/\\\/uneeclosiondedouceur.fr\\\/index.php\\\/produit\\\/beaute-envoutante-boucles-d-oreilles\\\/#breadcrumb\"},\"inLanguage\":\"fr-FR\",\"potentialAction\":[{\"@type\":\"ReadAction\",\"target\":[\"https:\\\/\\\/uneeclosiondedouceur.fr\\\/index.php\\\/produit\\\/beaute-envoutante-boucles-d-oreilles\\\/\"]}]},{\"@type\":\"ImageObject\",\"inLanguage\":\"fr-FR\",\"@id\":\"https:\\\/\\\/uneeclosiondedouceur.fr\\\/index.php\\\/produit\\\/beaute-envoutante-boucles-d-oreilles\\\/#primaryimage\",\"url\":\"https:\\\/\\\/uneeclosiondedouceur.fr\\\/wp-content\\\/uploads\\\/2025\\\/04\\\/IMG_20251112_110325.jpg\",\"contentUrl\":\"https:\\\/\\\/uneeclosiondedouceur.fr\\\/wp-content\\\/uploads\\\/2025\\\/04\\\/IMG_20251112_110325.jpg\",\"width\":1663,\"height\":2217},{\"@type\":\"BreadcrumbList\",\"@id\":\"https:\\\/\\\/uneeclosiondedouceur.fr\\\/index.php\\\/produit\\\/beaute-envoutante-boucles-d-oreilles\\\/#breadcrumb\",\"itemListElement\":[{\"@type\":\"ListItem\",\"position\":1,\"name\":\"Accueil\",\"item\":\"https:\\\/\\\/uneeclosiondedouceur.fr\\\/\"},{\"@type\":\"ListItem\",\"position\":2,\"name\":\"Boutique\",\"item\":\"https:\\\/\\\/uneeclosiondedouceur.fr\\\/index.php\\\/boutique\\\/\"},{\"@type\":\"ListItem\",\"position\":3,\"name\":\"Beaut\u00e9 envo\u00fbtante | Boucles d&rsquo;oreilles\"}]},{\"@type\":\"WebSite\",\"@id\":\"https:\\\/\\\/uneeclosiondedouceur.fr\\\/#website\",\"url\":\"https:\\\/\\\/uneeclosiondedouceur.fr\\\/\",\"name\":\"Une \u00e9closion de douceur\",\"description\":\"Cr\u00e9ations florales et po\u00e9tiques\",\"publisher\":{\"@id\":\"https:\\\/\\\/uneeclosiondedouceur.fr\\\/#organization\"},\"potentialAction\":[{\"@type\":\"SearchAction\",\"target\":{\"@type\":\"EntryPoint\",\"urlTemplate\":\"https:\\\/\\\/uneeclosiondedouceur.fr\\\/?s={search_term_string}\"},\"query-input\":{\"@type\":\"PropertyValueSpecification\",\"valueRequired\":true,\"valueName\":\"search_term_string\"}}],\"inLanguage\":\"fr-FR\"},{\"@type\":\"Organization\",\"@id\":\"https:\\\/\\\/uneeclosiondedouceur.fr\\\/#organization\",\"name\":\"Une \u00e9closion de douceur\",\"url\":\"https:\\\/\\\/uneeclosiondedouceur.fr\\\/\",\"logo\":{\"@type\":\"ImageObject\",\"inLanguage\":\"fr-FR\",\"@id\":\"https:\\\/\\\/uneeclosiondedouceur.fr\\\/#\\\/schema\\\/logo\\\/image\\\/\",\"url\":\"https:\\\/\\\/uneeclosiondedouceur.fr\\\/wp-content\\\/uploads\\\/2025\\\/02\\\/Logo-2.png\",\"contentUrl\":\"https:\\\/\\\/uneeclosiondedouceur.fr\\\/wp-content\\\/uploads\\\/2025\\\/02\\\/Logo-2.png\",\"width\":500,\"height\":500,\"caption\":\"Une \u00e9closion de douceur\"},\"image\":{\"@id\":\"https:\\\/\\\/uneeclosiondedouceur.fr\\\/#\\\/schema\\\/logo\\\/image\\\/\"},\"sameAs\":[\"https:\\\/\\\/www.instagram.com\\\/une.eclosion.de.douceur\\\/\"]}]}<\/script>\n<!-- \/ Yoast SEO plugin. -->","yoast_head_json":{"title":"Beaut\u00e9 envo\u00fbtante | Boucles d'oreilles - Une \u00e9closion de douceur","robots":{"index":"index","follow":"follow","max-snippet":"max-snippet:-1","max-image-preview":"max-image-preview:large","max-video-preview":"max-video-preview:-1"},"canonical":"https:\/\/uneeclosiondedouceur.fr\/index.php\/produit\/beaute-envoutante-boucles-d-oreilles\/","og_locale":"fr_FR","og_type":"article","og_title":"Beaut\u00e9 envo\u00fbtante | Boucles d'oreilles - Une \u00e9closion de douceur","og_description":"Souvent, je me languis de voir le jour laisser place au soir. Un instant que j\u2019appr\u00e9cie pour sa qui\u00e9tude, sa lenteur et sa beaut\u00e9. L\u2019horizon s\u2019embrase de couleurs chatoyantes tandis que le monde semble s\u2019endormir. Le bruit n\u2019est plus que silence. Un c\u0153ur s\u2019abreuvant de la vacuit\u00e9 de cet instant. Alors je me prom\u00e8ne dans mon jardin, admirant ces fleurs blanches et si odorantes qu\u2019elles ne passent gu\u00e8re inaper\u00e7ues. Voici le jasmin, une fleur venue d\u2019Orient que j\u2019ai souhait\u00e9 agr\u00e9menter de v\u00e9ritables pierres de labradorite pour rappeler la mysticit\u00e9 de cette fleur. Cette pierre favorise \u00e9galement la paix int\u00e9rieure et nous prot\u00e8ge des \u00e9nergies n\u00e9gatives environnantes.","og_url":"https:\/\/uneeclosiondedouceur.fr\/index.php\/produit\/beaute-envoutante-boucles-d-oreilles\/","og_site_name":"Une \u00e9closion de douceur","article_modified_time":"2026-02-21T18:28:53+00:00","og_image":[{"width":1663,"height":2217,"url":"https:\/\/uneeclosiondedouceur.fr\/wp-content\/uploads\/2025\/04\/IMG_20251112_110325.jpg","type":"image\/jpeg"}],"twitter_card":"summary_large_image","twitter_misc":{"Dur\u00e9e de lecture estim\u00e9e":"1 minute"},"schema":{"@context":"https:\/\/schema.org","@graph":[{"@type":"WebPage","@id":"https:\/\/uneeclosiondedouceur.fr\/index.php\/produit\/beaute-envoutante-boucles-d-oreilles\/","url":"https:\/\/uneeclosiondedouceur.fr\/index.php\/produit\/beaute-envoutante-boucles-d-oreilles\/","name":"Beaut\u00e9 envo\u00fbtante | Boucles d'oreilles - Une \u00e9closion de douceur","isPartOf":{"@id":"https:\/\/uneeclosiondedouceur.fr\/#website"},"primaryImageOfPage":{"@id":"https:\/\/uneeclosiondedouceur.fr\/index.php\/produit\/beaute-envoutante-boucles-d-oreilles\/#primaryimage"},"image":{"@id":"https:\/\/uneeclosiondedouceur.fr\/index.php\/produit\/beaute-envoutante-boucles-d-oreilles\/#primaryimage"},"thumbnailUrl":"https:\/\/uneeclosiondedouceur.fr\/wp-content\/uploads\/2025\/04\/IMG_20251112_110325.jpg","datePublished":"2025-04-22T12:07:11+00:00","dateModified":"2026-02-21T18:28:53+00:00","breadcrumb":{"@id":"https:\/\/uneeclosiondedouceur.fr\/index.php\/produit\/beaute-envoutante-boucles-d-oreilles\/#breadcrumb"},"inLanguage":"fr-FR","potentialAction":[{"@type":"ReadAction","target":["https:\/\/uneeclosiondedouceur.fr\/index.php\/produit\/beaute-envoutante-boucles-d-oreilles\/"]}]},{"@type":"ImageObject","inLanguage":"fr-FR","@id":"https:\/\/uneeclosiondedouceur.fr\/index.php\/produit\/beaute-envoutante-boucles-d-oreilles\/#primaryimage","url":"https:\/\/uneeclosiondedouceur.fr\/wp-content\/uploads\/2025\/04\/IMG_20251112_110325.jpg","contentUrl":"https:\/\/uneeclosiondedouceur.fr\/wp-content\/uploads\/2025\/04\/IMG_20251112_110325.jpg","width":1663,"height":2217},{"@type":"BreadcrumbList","@id":"https:\/\/uneeclosiondedouceur.fr\/index.php\/produit\/beaute-envoutante-boucles-d-oreilles\/#breadcrumb","itemListElement":[{"@type":"ListItem","position":1,"name":"Accueil","item":"https:\/\/uneeclosiondedouceur.fr\/"},{"@type":"ListItem","position":2,"name":"Boutique","item":"https:\/\/uneeclosiondedouceur.fr\/index.php\/boutique\/"},{"@type":"ListItem","position":3,"name":"Beaut\u00e9 envo\u00fbtante | Boucles d&rsquo;oreilles"}]},{"@type":"WebSite","@id":"https:\/\/uneeclosiondedouceur.fr\/#website","url":"https:\/\/uneeclosiondedouceur.fr\/","name":"Une \u00e9closion de douceur","description":"Cr\u00e9ations florales et po\u00e9tiques","publisher":{"@id":"https:\/\/uneeclosiondedouceur.fr\/#organization"},"potentialAction":[{"@type":"SearchAction","target":{"@type":"EntryPoint","urlTemplate":"https:\/\/uneeclosiondedouceur.fr\/?s={search_term_string}"},"query-input":{"@type":"PropertyValueSpecification","valueRequired":true,"valueName":"search_term_string"}}],"inLanguage":"fr-FR"},{"@type":"Organization","@id":"https:\/\/uneeclosiondedouceur.fr\/#organization","name":"Une \u00e9closion de douceur","url":"https:\/\/uneeclosiondedouceur.fr\/","logo":{"@type":"ImageObject","inLanguage":"fr-FR","@id":"https:\/\/uneeclosiondedouceur.fr\/#\/schema\/logo\/image\/","url":"https:\/\/uneeclosiondedouceur.fr\/wp-content\/uploads\/2025\/02\/Logo-2.png","contentUrl":"https:\/\/uneeclosiondedouceur.fr\/wp-content\/uploads\/2025\/02\/Logo-2.png","width":500,"height":500,"caption":"Une \u00e9closion de douceur"},"image":{"@id":"https:\/\/uneeclosiondedouceur.fr\/#\/schema\/logo\/image\/"},"sameAs":["https:\/\/www.instagram.com\/une.eclosion.de.douceur\/"]}]}},"jetpack_sharing_enabled":true,"_links":{"self":[{"href":"https:\/\/uneeclosiondedouceur.fr\/index.php\/wp-json\/wp\/v2\/product\/654","targetHints":{"allow":["GET"]}}],"collection":[{"href":"https:\/\/uneeclosiondedouceur.fr\/index.php\/wp-json\/wp\/v2\/product"}],"about":[{"href":"https:\/\/uneeclosiondedouceur.fr\/index.php\/wp-json\/wp\/v2\/types\/product"}],"replies":[{"embeddable":true,"href":"https:\/\/uneeclosiondedouceur.fr\/index.php\/wp-json\/wp\/v2\/comments?post=654"}],"version-history":[{"count":3,"href":"https:\/\/uneeclosiondedouceur.fr\/index.php\/wp-json\/wp\/v2\/product\/654\/revisions"}],"predecessor-version":[{"id":1846,"href":"https:\/\/uneeclosiondedouceur.fr\/index.php\/wp-json\/wp\/v2\/product\/654\/revisions\/1846"}],"wp:featuredmedia":[{"embeddable":true,"href":"https:\/\/uneeclosiondedouceur.fr\/index.php\/wp-json\/wp\/v2\/media\/1620"}],"wp:attachment":[{"href":"https:\/\/uneeclosiondedouceur.fr\/index.php\/wp-json\/wp\/v2\/media?parent=654"}],"wp:term":[{"taxonomy":"product_brand","embeddable":true,"href":"https:\/\/uneeclosiondedouceur.fr\/index.php\/wp-json\/wp\/v2\/product_brand?post=654"},{"taxonomy":"product_cat","embeddable":true,"href":"https:\/\/uneeclosiondedouceur.fr\/index.php\/wp-json\/wp\/v2\/product_cat?post=654"},{"taxonomy":"product_tag","embeddable":true,"href":"https:\/\/uneeclosiondedouceur.fr\/index.php\/wp-json\/wp\/v2\/product_tag?post=654"}],"curies":[{"name":"wp","href":"https:\/\/api.w.org\/{rel}","templated":true}]}}