{"id":724,"date":"2025-04-22T15:05:31","date_gmt":"2025-04-22T13:05:31","guid":{"rendered":"https:\/\/uneeclosiondedouceur.fr\/?post_type=product&#038;p=724"},"modified":"2026-02-21T19:25:31","modified_gmt":"2026-02-21T18:25:31","slug":"douceur-printaniere-calendrier","status":"publish","type":"product","link":"https:\/\/uneeclosiondedouceur.fr\/index.php\/produit\/douceur-printaniere-calendrier\/","title":{"rendered":"Douceur printani\u00e8re | Calendrier"},"content":{"rendered":"","protected":false},"excerpt":{"rendered":"<p class=\"p1\">Reproduction de dessin<\/p>\n<p class=\"p1\">La montagne, symbole d\u2019\u00e9l\u00e9vation et de transcendance, m\u2019a toujours fascin\u00e9 par son immensit\u00e9, sa faune et sa flore sauvage. Les arbres semblant toucher le ciel nous rappellent sa grandeur et sa robustesse, tandis que ses fleurs nous ram\u00e8nent \u00e0 sa fragilit\u00e9 et sa petitesse. L\u2019infiniment grand rejoignant l\u2019infiniment petit dans une majest\u00e9 absolue.<\/p>\n<p class=\"p1\">Ces calendriers sont une invitation \u00e0 s\u2019\u00e9vader en son c<span class=\"s1\">\u0153<\/span>ur pour en capturer son essence au quotidien.\u00a0Ils sont destin\u00e9s aux amoureux de la nature, de la montagne et du grand air.<\/p>\n","protected":false},"featured_media":727,"comment_status":"open","ping_status":"closed","template":"","meta":[],"product_brand":[],"product_cat":[24],"product_tag":[],"class_list":{"0":"post-724","1":"product","2":"type-product","3":"status-publish","4":"has-post-thumbnail","6":"product_cat-leveil-de-la-nature","8":"first","9":"instock","10":"shipping-taxable","11":"purchasable","12":"product-type-variable"},"yoast_head":"<!-- This site is optimized with the Yoast SEO plugin v27.3 - https:\/\/yoast.com\/product\/yoast-seo-wordpress\/ -->\n<title>Douceur printani\u00e8re | Calendrier - Une \u00e9closion de douceur<\/title>\n<meta name=\"robots\" content=\"index, follow, max-snippet:-1, max-image-preview:large, max-video-preview:-1\" \/>\n<link rel=\"canonical\" href=\"https:\/\/uneeclosiondedouceur.fr\/index.php\/produit\/douceur-printaniere-calendrier\/\" \/>\n<meta property=\"og:locale\" content=\"fr_FR\" \/>\n<meta property=\"og:type\" content=\"article\" \/>\n<meta property=\"og:title\" content=\"Douceur printani\u00e8re | Calendrier - Une \u00e9closion de douceur\" \/>\n<meta property=\"og:description\" content=\"Reproduction de dessin La montagne, symbole d\u2019\u00e9l\u00e9vation et de transcendance, m\u2019a toujours fascin\u00e9 par son immensit\u00e9, sa faune et sa flore sauvage. Les arbres semblant toucher le ciel nous rappellent sa grandeur et sa robustesse, tandis que ses fleurs nous ram\u00e8nent \u00e0 sa fragilit\u00e9 et sa petitesse. L\u2019infiniment grand rejoignant l\u2019infiniment petit dans une majest\u00e9 absolue. Ces calendriers sont une invitation \u00e0 s\u2019\u00e9vader en son c\u0153ur pour en capturer son essence au quotidien.\u00a0Ils sont destin\u00e9s aux amoureux de la nature, de la montagne et du grand air.\" \/>\n<meta property=\"og:url\" content=\"https:\/\/uneeclosiondedouceur.fr\/index.php\/produit\/douceur-printaniere-calendrier\/\" \/>\n<meta property=\"og:site_name\" content=\"Une \u00e9closion de douceur\" \/>\n<meta property=\"article:modified_time\" content=\"2026-02-21T18:25:31+00:00\" \/>\n<meta property=\"og:image\" content=\"https:\/\/uneeclosiondedouceur.fr\/wp-content\/uploads\/2025\/04\/69.png\" \/>\n\t<meta property=\"og:image:width\" content=\"640\" \/>\n\t<meta property=\"og:image:height\" content=\"853\" \/>\n\t<meta property=\"og:image:type\" content=\"image\/png\" \/>\n<meta name=\"twitter:card\" content=\"summary_large_image\" \/>\n<meta name=\"twitter:label1\" content=\"Dur\u00e9e de lecture estim\u00e9e\" \/>\n\t<meta name=\"twitter:data1\" content=\"1 minute\" \/>\n<script type=\"application\/ld+json\" class=\"yoast-schema-graph\">{\"@context\":\"https:\\\/\\\/schema.org\",\"@graph\":[{\"@type\":\"WebPage\",\"@id\":\"https:\\\/\\\/uneeclosiondedouceur.fr\\\/index.php\\\/produit\\\/douceur-printaniere-calendrier\\\/\",\"url\":\"https:\\\/\\\/uneeclosiondedouceur.fr\\\/index.php\\\/produit\\\/douceur-printaniere-calendrier\\\/\",\"name\":\"Douceur printani\u00e8re | Calendrier - Une \u00e9closion de douceur\",\"isPartOf\":{\"@id\":\"https:\\\/\\\/uneeclosiondedouceur.fr\\\/#website\"},\"primaryImageOfPage\":{\"@id\":\"https:\\\/\\\/uneeclosiondedouceur.fr\\\/index.php\\\/produit\\\/douceur-printaniere-calendrier\\\/#primaryimage\"},\"image\":{\"@id\":\"https:\\\/\\\/uneeclosiondedouceur.fr\\\/index.php\\\/produit\\\/douceur-printaniere-calendrier\\\/#primaryimage\"},\"thumbnailUrl\":\"https:\\\/\\\/uneeclosiondedouceur.fr\\\/wp-content\\\/uploads\\\/2025\\\/04\\\/69.png\",\"datePublished\":\"2025-04-22T13:05:31+00:00\",\"dateModified\":\"2026-02-21T18:25:31+00:00\",\"breadcrumb\":{\"@id\":\"https:\\\/\\\/uneeclosiondedouceur.fr\\\/index.php\\\/produit\\\/douceur-printaniere-calendrier\\\/#breadcrumb\"},\"inLanguage\":\"fr-FR\",\"potentialAction\":[{\"@type\":\"ReadAction\",\"target\":[\"https:\\\/\\\/uneeclosiondedouceur.fr\\\/index.php\\\/produit\\\/douceur-printaniere-calendrier\\\/\"]}]},{\"@type\":\"ImageObject\",\"inLanguage\":\"fr-FR\",\"@id\":\"https:\\\/\\\/uneeclosiondedouceur.fr\\\/index.php\\\/produit\\\/douceur-printaniere-calendrier\\\/#primaryimage\",\"url\":\"https:\\\/\\\/uneeclosiondedouceur.fr\\\/wp-content\\\/uploads\\\/2025\\\/04\\\/69.png\",\"contentUrl\":\"https:\\\/\\\/uneeclosiondedouceur.fr\\\/wp-content\\\/uploads\\\/2025\\\/04\\\/69.png\",\"width\":640,\"height\":853},{\"@type\":\"BreadcrumbList\",\"@id\":\"https:\\\/\\\/uneeclosiondedouceur.fr\\\/index.php\\\/produit\\\/douceur-printaniere-calendrier\\\/#breadcrumb\",\"itemListElement\":[{\"@type\":\"ListItem\",\"position\":1,\"name\":\"Accueil\",\"item\":\"https:\\\/\\\/uneeclosiondedouceur.fr\\\/\"},{\"@type\":\"ListItem\",\"position\":2,\"name\":\"Boutique\",\"item\":\"https:\\\/\\\/uneeclosiondedouceur.fr\\\/index.php\\\/boutique\\\/\"},{\"@type\":\"ListItem\",\"position\":3,\"name\":\"Douceur printani\u00e8re | Calendrier\"}]},{\"@type\":\"WebSite\",\"@id\":\"https:\\\/\\\/uneeclosiondedouceur.fr\\\/#website\",\"url\":\"https:\\\/\\\/uneeclosiondedouceur.fr\\\/\",\"name\":\"Une \u00e9closion de douceur\",\"description\":\"Cr\u00e9ations florales et po\u00e9tiques\",\"publisher\":{\"@id\":\"https:\\\/\\\/uneeclosiondedouceur.fr\\\/#organization\"},\"potentialAction\":[{\"@type\":\"SearchAction\",\"target\":{\"@type\":\"EntryPoint\",\"urlTemplate\":\"https:\\\/\\\/uneeclosiondedouceur.fr\\\/?s={search_term_string}\"},\"query-input\":{\"@type\":\"PropertyValueSpecification\",\"valueRequired\":true,\"valueName\":\"search_term_string\"}}],\"inLanguage\":\"fr-FR\"},{\"@type\":\"Organization\",\"@id\":\"https:\\\/\\\/uneeclosiondedouceur.fr\\\/#organization\",\"name\":\"Une \u00e9closion de douceur\",\"url\":\"https:\\\/\\\/uneeclosiondedouceur.fr\\\/\",\"logo\":{\"@type\":\"ImageObject\",\"inLanguage\":\"fr-FR\",\"@id\":\"https:\\\/\\\/uneeclosiondedouceur.fr\\\/#\\\/schema\\\/logo\\\/image\\\/\",\"url\":\"https:\\\/\\\/uneeclosiondedouceur.fr\\\/wp-content\\\/uploads\\\/2025\\\/02\\\/Logo-2.png\",\"contentUrl\":\"https:\\\/\\\/uneeclosiondedouceur.fr\\\/wp-content\\\/uploads\\\/2025\\\/02\\\/Logo-2.png\",\"width\":500,\"height\":500,\"caption\":\"Une \u00e9closion de douceur\"},\"image\":{\"@id\":\"https:\\\/\\\/uneeclosiondedouceur.fr\\\/#\\\/schema\\\/logo\\\/image\\\/\"},\"sameAs\":[\"https:\\\/\\\/www.instagram.com\\\/une.eclosion.de.douceur\\\/\"]}]}<\/script>\n<!-- \/ Yoast SEO plugin. -->","yoast_head_json":{"title":"Douceur printani\u00e8re | Calendrier - Une \u00e9closion de douceur","robots":{"index":"index","follow":"follow","max-snippet":"max-snippet:-1","max-image-preview":"max-image-preview:large","max-video-preview":"max-video-preview:-1"},"canonical":"https:\/\/uneeclosiondedouceur.fr\/index.php\/produit\/douceur-printaniere-calendrier\/","og_locale":"fr_FR","og_type":"article","og_title":"Douceur printani\u00e8re | Calendrier - Une \u00e9closion de douceur","og_description":"Reproduction de dessin La montagne, symbole d\u2019\u00e9l\u00e9vation et de transcendance, m\u2019a toujours fascin\u00e9 par son immensit\u00e9, sa faune et sa flore sauvage. Les arbres semblant toucher le ciel nous rappellent sa grandeur et sa robustesse, tandis que ses fleurs nous ram\u00e8nent \u00e0 sa fragilit\u00e9 et sa petitesse. L\u2019infiniment grand rejoignant l\u2019infiniment petit dans une majest\u00e9 absolue. Ces calendriers sont une invitation \u00e0 s\u2019\u00e9vader en son c\u0153ur pour en capturer son essence au quotidien.\u00a0Ils sont destin\u00e9s aux amoureux de la nature, de la montagne et du grand air.","og_url":"https:\/\/uneeclosiondedouceur.fr\/index.php\/produit\/douceur-printaniere-calendrier\/","og_site_name":"Une \u00e9closion de douceur","article_modified_time":"2026-02-21T18:25:31+00:00","og_image":[{"width":640,"height":853,"url":"https:\/\/uneeclosiondedouceur.fr\/wp-content\/uploads\/2025\/04\/69.png","type":"image\/png"}],"twitter_card":"summary_large_image","twitter_misc":{"Dur\u00e9e de lecture estim\u00e9e":"1 minute"},"schema":{"@context":"https:\/\/schema.org","@graph":[{"@type":"WebPage","@id":"https:\/\/uneeclosiondedouceur.fr\/index.php\/produit\/douceur-printaniere-calendrier\/","url":"https:\/\/uneeclosiondedouceur.fr\/index.php\/produit\/douceur-printaniere-calendrier\/","name":"Douceur printani\u00e8re | Calendrier - Une \u00e9closion de douceur","isPartOf":{"@id":"https:\/\/uneeclosiondedouceur.fr\/#website"},"primaryImageOfPage":{"@id":"https:\/\/uneeclosiondedouceur.fr\/index.php\/produit\/douceur-printaniere-calendrier\/#primaryimage"},"image":{"@id":"https:\/\/uneeclosiondedouceur.fr\/index.php\/produit\/douceur-printaniere-calendrier\/#primaryimage"},"thumbnailUrl":"https:\/\/uneeclosiondedouceur.fr\/wp-content\/uploads\/2025\/04\/69.png","datePublished":"2025-04-22T13:05:31+00:00","dateModified":"2026-02-21T18:25:31+00:00","breadcrumb":{"@id":"https:\/\/uneeclosiondedouceur.fr\/index.php\/produit\/douceur-printaniere-calendrier\/#breadcrumb"},"inLanguage":"fr-FR","potentialAction":[{"@type":"ReadAction","target":["https:\/\/uneeclosiondedouceur.fr\/index.php\/produit\/douceur-printaniere-calendrier\/"]}]},{"@type":"ImageObject","inLanguage":"fr-FR","@id":"https:\/\/uneeclosiondedouceur.fr\/index.php\/produit\/douceur-printaniere-calendrier\/#primaryimage","url":"https:\/\/uneeclosiondedouceur.fr\/wp-content\/uploads\/2025\/04\/69.png","contentUrl":"https:\/\/uneeclosiondedouceur.fr\/wp-content\/uploads\/2025\/04\/69.png","width":640,"height":853},{"@type":"BreadcrumbList","@id":"https:\/\/uneeclosiondedouceur.fr\/index.php\/produit\/douceur-printaniere-calendrier\/#breadcrumb","itemListElement":[{"@type":"ListItem","position":1,"name":"Accueil","item":"https:\/\/uneeclosiondedouceur.fr\/"},{"@type":"ListItem","position":2,"name":"Boutique","item":"https:\/\/uneeclosiondedouceur.fr\/index.php\/boutique\/"},{"@type":"ListItem","position":3,"name":"Douceur printani\u00e8re | Calendrier"}]},{"@type":"WebSite","@id":"https:\/\/uneeclosiondedouceur.fr\/#website","url":"https:\/\/uneeclosiondedouceur.fr\/","name":"Une \u00e9closion de douceur","description":"Cr\u00e9ations florales et po\u00e9tiques","publisher":{"@id":"https:\/\/uneeclosiondedouceur.fr\/#organization"},"potentialAction":[{"@type":"SearchAction","target":{"@type":"EntryPoint","urlTemplate":"https:\/\/uneeclosiondedouceur.fr\/?s={search_term_string}"},"query-input":{"@type":"PropertyValueSpecification","valueRequired":true,"valueName":"search_term_string"}}],"inLanguage":"fr-FR"},{"@type":"Organization","@id":"https:\/\/uneeclosiondedouceur.fr\/#organization","name":"Une \u00e9closion de douceur","url":"https:\/\/uneeclosiondedouceur.fr\/","logo":{"@type":"ImageObject","inLanguage":"fr-FR","@id":"https:\/\/uneeclosiondedouceur.fr\/#\/schema\/logo\/image\/","url":"https:\/\/uneeclosiondedouceur.fr\/wp-content\/uploads\/2025\/02\/Logo-2.png","contentUrl":"https:\/\/uneeclosiondedouceur.fr\/wp-content\/uploads\/2025\/02\/Logo-2.png","width":500,"height":500,"caption":"Une \u00e9closion de douceur"},"image":{"@id":"https:\/\/uneeclosiondedouceur.fr\/#\/schema\/logo\/image\/"},"sameAs":["https:\/\/www.instagram.com\/une.eclosion.de.douceur\/"]}]}},"jetpack_sharing_enabled":true,"_links":{"self":[{"href":"https:\/\/uneeclosiondedouceur.fr\/index.php\/wp-json\/wp\/v2\/product\/724","targetHints":{"allow":["GET"]}}],"collection":[{"href":"https:\/\/uneeclosiondedouceur.fr\/index.php\/wp-json\/wp\/v2\/product"}],"about":[{"href":"https:\/\/uneeclosiondedouceur.fr\/index.php\/wp-json\/wp\/v2\/types\/product"}],"replies":[{"embeddable":true,"href":"https:\/\/uneeclosiondedouceur.fr\/index.php\/wp-json\/wp\/v2\/comments?post=724"}],"version-history":[{"count":2,"href":"https:\/\/uneeclosiondedouceur.fr\/index.php\/wp-json\/wp\/v2\/product\/724\/revisions"}],"predecessor-version":[{"id":1837,"href":"https:\/\/uneeclosiondedouceur.fr\/index.php\/wp-json\/wp\/v2\/product\/724\/revisions\/1837"}],"wp:featuredmedia":[{"embeddable":true,"href":"https:\/\/uneeclosiondedouceur.fr\/index.php\/wp-json\/wp\/v2\/media\/727"}],"wp:attachment":[{"href":"https:\/\/uneeclosiondedouceur.fr\/index.php\/wp-json\/wp\/v2\/media?parent=724"}],"wp:term":[{"taxonomy":"product_brand","embeddable":true,"href":"https:\/\/uneeclosiondedouceur.fr\/index.php\/wp-json\/wp\/v2\/product_brand?post=724"},{"taxonomy":"product_cat","embeddable":true,"href":"https:\/\/uneeclosiondedouceur.fr\/index.php\/wp-json\/wp\/v2\/product_cat?post=724"},{"taxonomy":"product_tag","embeddable":true,"href":"https:\/\/uneeclosiondedouceur.fr\/index.php\/wp-json\/wp\/v2\/product_tag?post=724"}],"curies":[{"name":"wp","href":"https:\/\/api.w.org\/{rel}","templated":true}]}}