{"id":753,"date":"2025-04-28T10:54:16","date_gmt":"2025-04-28T08:54:16","guid":{"rendered":"https:\/\/uneeclosiondedouceur.fr\/?post_type=product&#038;p=753"},"modified":"2026-02-21T19:24:54","modified_gmt":"2026-02-21T18:24:54","slug":"souvenir-eternel-carte-personnalisee","status":"publish","type":"product","link":"https:\/\/uneeclosiondedouceur.fr\/index.php\/produit\/souvenir-eternel-carte-personnalisee\/","title":{"rendered":"Souvenir \u00e9ternel | Carte personnalis\u00e9e"},"content":{"rendered":"","protected":false},"excerpt":{"rendered":"<p class=\"p1\">Reproduction d\u2019une peinture \u00e0 l\u2019aquarelle<\/p>\n<p class=\"p1\">Alors que mon esprit vagabondait \u00e7a et l\u00e0, je me surpris \u00e0 repenser \u00e0 ces vieilles correspondances d\u2019autrefois. \u00c0 ces mots qu\u2019on \u00e9crivait \u00e0 nos proches avant que la technologie ne les remplace. Ces mots, t\u00e9moins d\u2019un pass\u00e9 r\u00e9volu, qui nous racontent encore si bien cette \u00e9poque pas si lointaine.<\/p>\n<p class=\"p1\">Je me plais parfois \u00e0 les relire. C\u2019est alors que j\u2019ai voulu remettre au go\u00fbt du jour cette pratique afin de continuer \u00e0 \u00e9crire l\u2019histoire, notre histoire. Celle que nos enfants liront plus tard. La fleur de cerisier met bien en \u00e9vidence le temps qui passe et si vous deviez en faire le r\u00e9cit, que diriez-vous ?<\/p>\n","protected":false},"featured_media":755,"comment_status":"open","ping_status":"closed","template":"","meta":[],"product_brand":[],"product_cat":[25],"product_tag":[],"class_list":{"0":"post-753","1":"product","2":"type-product","3":"status-publish","4":"has-post-thumbnail","6":"product_cat-la-resilience-de-nos-coeurs","7":"wcpa_has_options","9":"first","10":"instock","11":"shipping-taxable","12":"purchasable","13":"product-type-simple"},"yoast_head":"<!-- This site is optimized with the Yoast SEO plugin v27.3 - https:\/\/yoast.com\/product\/yoast-seo-wordpress\/ -->\n<title>Souvenir \u00e9ternel | Carte personnalis\u00e9e - Une \u00e9closion de douceur<\/title>\n<meta name=\"robots\" content=\"index, follow, max-snippet:-1, max-image-preview:large, max-video-preview:-1\" \/>\n<link rel=\"canonical\" href=\"https:\/\/uneeclosiondedouceur.fr\/index.php\/produit\/souvenir-eternel-carte-personnalisee\/\" \/>\n<meta property=\"og:locale\" content=\"fr_FR\" \/>\n<meta property=\"og:type\" content=\"article\" \/>\n<meta property=\"og:title\" content=\"Souvenir \u00e9ternel | Carte personnalis\u00e9e - Une \u00e9closion de douceur\" \/>\n<meta property=\"og:description\" content=\"Reproduction d\u2019une peinture \u00e0 l\u2019aquarelle Alors que mon esprit vagabondait \u00e7a et l\u00e0, je me surpris \u00e0 repenser \u00e0 ces vieilles correspondances d\u2019autrefois. \u00c0 ces mots qu\u2019on \u00e9crivait \u00e0 nos proches avant que la technologie ne les remplace. Ces mots, t\u00e9moins d\u2019un pass\u00e9 r\u00e9volu, qui nous racontent encore si bien cette \u00e9poque pas si lointaine. Je me plais parfois \u00e0 les relire. C\u2019est alors que j\u2019ai voulu remettre au go\u00fbt du jour cette pratique afin de continuer \u00e0 \u00e9crire l\u2019histoire, notre histoire. Celle que nos enfants liront plus tard. La fleur de cerisier met bien en \u00e9vidence le temps qui passe et si vous deviez en faire le r\u00e9cit, que diriez-vous ?\" \/>\n<meta property=\"og:url\" content=\"https:\/\/uneeclosiondedouceur.fr\/index.php\/produit\/souvenir-eternel-carte-personnalisee\/\" \/>\n<meta property=\"og:site_name\" content=\"Une \u00e9closion de douceur\" \/>\n<meta property=\"article:modified_time\" content=\"2026-02-21T18:24:54+00:00\" \/>\n<meta property=\"og:image\" content=\"https:\/\/uneeclosiondedouceur.fr\/wp-content\/uploads\/2025\/04\/IMG_20250405_144227.jpg\" \/>\n\t<meta property=\"og:image:width\" content=\"1900\" \/>\n\t<meta property=\"og:image:height\" content=\"2534\" \/>\n\t<meta property=\"og:image:type\" content=\"image\/jpeg\" \/>\n<meta name=\"twitter:card\" content=\"summary_large_image\" \/>\n<meta name=\"twitter:label1\" content=\"Dur\u00e9e de lecture estim\u00e9e\" \/>\n\t<meta name=\"twitter:data1\" content=\"1 minute\" \/>\n<script type=\"application\/ld+json\" class=\"yoast-schema-graph\">{\"@context\":\"https:\\\/\\\/schema.org\",\"@graph\":[{\"@type\":\"WebPage\",\"@id\":\"https:\\\/\\\/uneeclosiondedouceur.fr\\\/index.php\\\/produit\\\/souvenir-eternel-carte-personnalisee\\\/\",\"url\":\"https:\\\/\\\/uneeclosiondedouceur.fr\\\/index.php\\\/produit\\\/souvenir-eternel-carte-personnalisee\\\/\",\"name\":\"Souvenir \u00e9ternel | Carte personnalis\u00e9e - Une \u00e9closion de douceur\",\"isPartOf\":{\"@id\":\"https:\\\/\\\/uneeclosiondedouceur.fr\\\/#website\"},\"primaryImageOfPage\":{\"@id\":\"https:\\\/\\\/uneeclosiondedouceur.fr\\\/index.php\\\/produit\\\/souvenir-eternel-carte-personnalisee\\\/#primaryimage\"},\"image\":{\"@id\":\"https:\\\/\\\/uneeclosiondedouceur.fr\\\/index.php\\\/produit\\\/souvenir-eternel-carte-personnalisee\\\/#primaryimage\"},\"thumbnailUrl\":\"https:\\\/\\\/uneeclosiondedouceur.fr\\\/wp-content\\\/uploads\\\/2025\\\/04\\\/IMG_20250405_144227.jpg\",\"datePublished\":\"2025-04-28T08:54:16+00:00\",\"dateModified\":\"2026-02-21T18:24:54+00:00\",\"breadcrumb\":{\"@id\":\"https:\\\/\\\/uneeclosiondedouceur.fr\\\/index.php\\\/produit\\\/souvenir-eternel-carte-personnalisee\\\/#breadcrumb\"},\"inLanguage\":\"fr-FR\",\"potentialAction\":[{\"@type\":\"ReadAction\",\"target\":[\"https:\\\/\\\/uneeclosiondedouceur.fr\\\/index.php\\\/produit\\\/souvenir-eternel-carte-personnalisee\\\/\"]}]},{\"@type\":\"ImageObject\",\"inLanguage\":\"fr-FR\",\"@id\":\"https:\\\/\\\/uneeclosiondedouceur.fr\\\/index.php\\\/produit\\\/souvenir-eternel-carte-personnalisee\\\/#primaryimage\",\"url\":\"https:\\\/\\\/uneeclosiondedouceur.fr\\\/wp-content\\\/uploads\\\/2025\\\/04\\\/IMG_20250405_144227.jpg\",\"contentUrl\":\"https:\\\/\\\/uneeclosiondedouceur.fr\\\/wp-content\\\/uploads\\\/2025\\\/04\\\/IMG_20250405_144227.jpg\",\"width\":1900,\"height\":2534},{\"@type\":\"BreadcrumbList\",\"@id\":\"https:\\\/\\\/uneeclosiondedouceur.fr\\\/index.php\\\/produit\\\/souvenir-eternel-carte-personnalisee\\\/#breadcrumb\",\"itemListElement\":[{\"@type\":\"ListItem\",\"position\":1,\"name\":\"Accueil\",\"item\":\"https:\\\/\\\/uneeclosiondedouceur.fr\\\/\"},{\"@type\":\"ListItem\",\"position\":2,\"name\":\"Boutique\",\"item\":\"https:\\\/\\\/uneeclosiondedouceur.fr\\\/index.php\\\/boutique\\\/\"},{\"@type\":\"ListItem\",\"position\":3,\"name\":\"Souvenir \u00e9ternel | Carte personnalis\u00e9e\"}]},{\"@type\":\"WebSite\",\"@id\":\"https:\\\/\\\/uneeclosiondedouceur.fr\\\/#website\",\"url\":\"https:\\\/\\\/uneeclosiondedouceur.fr\\\/\",\"name\":\"Une \u00e9closion de douceur\",\"description\":\"Cr\u00e9ations florales et po\u00e9tiques\",\"publisher\":{\"@id\":\"https:\\\/\\\/uneeclosiondedouceur.fr\\\/#organization\"},\"potentialAction\":[{\"@type\":\"SearchAction\",\"target\":{\"@type\":\"EntryPoint\",\"urlTemplate\":\"https:\\\/\\\/uneeclosiondedouceur.fr\\\/?s={search_term_string}\"},\"query-input\":{\"@type\":\"PropertyValueSpecification\",\"valueRequired\":true,\"valueName\":\"search_term_string\"}}],\"inLanguage\":\"fr-FR\"},{\"@type\":\"Organization\",\"@id\":\"https:\\\/\\\/uneeclosiondedouceur.fr\\\/#organization\",\"name\":\"Une \u00e9closion de douceur\",\"url\":\"https:\\\/\\\/uneeclosiondedouceur.fr\\\/\",\"logo\":{\"@type\":\"ImageObject\",\"inLanguage\":\"fr-FR\",\"@id\":\"https:\\\/\\\/uneeclosiondedouceur.fr\\\/#\\\/schema\\\/logo\\\/image\\\/\",\"url\":\"https:\\\/\\\/uneeclosiondedouceur.fr\\\/wp-content\\\/uploads\\\/2025\\\/02\\\/Logo-2.png\",\"contentUrl\":\"https:\\\/\\\/uneeclosiondedouceur.fr\\\/wp-content\\\/uploads\\\/2025\\\/02\\\/Logo-2.png\",\"width\":500,\"height\":500,\"caption\":\"Une \u00e9closion de douceur\"},\"image\":{\"@id\":\"https:\\\/\\\/uneeclosiondedouceur.fr\\\/#\\\/schema\\\/logo\\\/image\\\/\"},\"sameAs\":[\"https:\\\/\\\/www.instagram.com\\\/une.eclosion.de.douceur\\\/\"]}]}<\/script>\n<!-- \/ Yoast SEO plugin. -->","yoast_head_json":{"title":"Souvenir \u00e9ternel | Carte personnalis\u00e9e - Une \u00e9closion de douceur","robots":{"index":"index","follow":"follow","max-snippet":"max-snippet:-1","max-image-preview":"max-image-preview:large","max-video-preview":"max-video-preview:-1"},"canonical":"https:\/\/uneeclosiondedouceur.fr\/index.php\/produit\/souvenir-eternel-carte-personnalisee\/","og_locale":"fr_FR","og_type":"article","og_title":"Souvenir \u00e9ternel | Carte personnalis\u00e9e - Une \u00e9closion de douceur","og_description":"Reproduction d\u2019une peinture \u00e0 l\u2019aquarelle Alors que mon esprit vagabondait \u00e7a et l\u00e0, je me surpris \u00e0 repenser \u00e0 ces vieilles correspondances d\u2019autrefois. \u00c0 ces mots qu\u2019on \u00e9crivait \u00e0 nos proches avant que la technologie ne les remplace. Ces mots, t\u00e9moins d\u2019un pass\u00e9 r\u00e9volu, qui nous racontent encore si bien cette \u00e9poque pas si lointaine. Je me plais parfois \u00e0 les relire. C\u2019est alors que j\u2019ai voulu remettre au go\u00fbt du jour cette pratique afin de continuer \u00e0 \u00e9crire l\u2019histoire, notre histoire. Celle que nos enfants liront plus tard. La fleur de cerisier met bien en \u00e9vidence le temps qui passe et si vous deviez en faire le r\u00e9cit, que diriez-vous ?","og_url":"https:\/\/uneeclosiondedouceur.fr\/index.php\/produit\/souvenir-eternel-carte-personnalisee\/","og_site_name":"Une \u00e9closion de douceur","article_modified_time":"2026-02-21T18:24:54+00:00","og_image":[{"width":1900,"height":2534,"url":"https:\/\/uneeclosiondedouceur.fr\/wp-content\/uploads\/2025\/04\/IMG_20250405_144227.jpg","type":"image\/jpeg"}],"twitter_card":"summary_large_image","twitter_misc":{"Dur\u00e9e de lecture estim\u00e9e":"1 minute"},"schema":{"@context":"https:\/\/schema.org","@graph":[{"@type":"WebPage","@id":"https:\/\/uneeclosiondedouceur.fr\/index.php\/produit\/souvenir-eternel-carte-personnalisee\/","url":"https:\/\/uneeclosiondedouceur.fr\/index.php\/produit\/souvenir-eternel-carte-personnalisee\/","name":"Souvenir \u00e9ternel | Carte personnalis\u00e9e - Une \u00e9closion de douceur","isPartOf":{"@id":"https:\/\/uneeclosiondedouceur.fr\/#website"},"primaryImageOfPage":{"@id":"https:\/\/uneeclosiondedouceur.fr\/index.php\/produit\/souvenir-eternel-carte-personnalisee\/#primaryimage"},"image":{"@id":"https:\/\/uneeclosiondedouceur.fr\/index.php\/produit\/souvenir-eternel-carte-personnalisee\/#primaryimage"},"thumbnailUrl":"https:\/\/uneeclosiondedouceur.fr\/wp-content\/uploads\/2025\/04\/IMG_20250405_144227.jpg","datePublished":"2025-04-28T08:54:16+00:00","dateModified":"2026-02-21T18:24:54+00:00","breadcrumb":{"@id":"https:\/\/uneeclosiondedouceur.fr\/index.php\/produit\/souvenir-eternel-carte-personnalisee\/#breadcrumb"},"inLanguage":"fr-FR","potentialAction":[{"@type":"ReadAction","target":["https:\/\/uneeclosiondedouceur.fr\/index.php\/produit\/souvenir-eternel-carte-personnalisee\/"]}]},{"@type":"ImageObject","inLanguage":"fr-FR","@id":"https:\/\/uneeclosiondedouceur.fr\/index.php\/produit\/souvenir-eternel-carte-personnalisee\/#primaryimage","url":"https:\/\/uneeclosiondedouceur.fr\/wp-content\/uploads\/2025\/04\/IMG_20250405_144227.jpg","contentUrl":"https:\/\/uneeclosiondedouceur.fr\/wp-content\/uploads\/2025\/04\/IMG_20250405_144227.jpg","width":1900,"height":2534},{"@type":"BreadcrumbList","@id":"https:\/\/uneeclosiondedouceur.fr\/index.php\/produit\/souvenir-eternel-carte-personnalisee\/#breadcrumb","itemListElement":[{"@type":"ListItem","position":1,"name":"Accueil","item":"https:\/\/uneeclosiondedouceur.fr\/"},{"@type":"ListItem","position":2,"name":"Boutique","item":"https:\/\/uneeclosiondedouceur.fr\/index.php\/boutique\/"},{"@type":"ListItem","position":3,"name":"Souvenir \u00e9ternel | Carte personnalis\u00e9e"}]},{"@type":"WebSite","@id":"https:\/\/uneeclosiondedouceur.fr\/#website","url":"https:\/\/uneeclosiondedouceur.fr\/","name":"Une \u00e9closion de douceur","description":"Cr\u00e9ations florales et po\u00e9tiques","publisher":{"@id":"https:\/\/uneeclosiondedouceur.fr\/#organization"},"potentialAction":[{"@type":"SearchAction","target":{"@type":"EntryPoint","urlTemplate":"https:\/\/uneeclosiondedouceur.fr\/?s={search_term_string}"},"query-input":{"@type":"PropertyValueSpecification","valueRequired":true,"valueName":"search_term_string"}}],"inLanguage":"fr-FR"},{"@type":"Organization","@id":"https:\/\/uneeclosiondedouceur.fr\/#organization","name":"Une \u00e9closion de douceur","url":"https:\/\/uneeclosiondedouceur.fr\/","logo":{"@type":"ImageObject","inLanguage":"fr-FR","@id":"https:\/\/uneeclosiondedouceur.fr\/#\/schema\/logo\/image\/","url":"https:\/\/uneeclosiondedouceur.fr\/wp-content\/uploads\/2025\/02\/Logo-2.png","contentUrl":"https:\/\/uneeclosiondedouceur.fr\/wp-content\/uploads\/2025\/02\/Logo-2.png","width":500,"height":500,"caption":"Une \u00e9closion de douceur"},"image":{"@id":"https:\/\/uneeclosiondedouceur.fr\/#\/schema\/logo\/image\/"},"sameAs":["https:\/\/www.instagram.com\/une.eclosion.de.douceur\/"]}]}},"jetpack_sharing_enabled":true,"_links":{"self":[{"href":"https:\/\/uneeclosiondedouceur.fr\/index.php\/wp-json\/wp\/v2\/product\/753","targetHints":{"allow":["GET"]}}],"collection":[{"href":"https:\/\/uneeclosiondedouceur.fr\/index.php\/wp-json\/wp\/v2\/product"}],"about":[{"href":"https:\/\/uneeclosiondedouceur.fr\/index.php\/wp-json\/wp\/v2\/types\/product"}],"replies":[{"embeddable":true,"href":"https:\/\/uneeclosiondedouceur.fr\/index.php\/wp-json\/wp\/v2\/comments?post=753"}],"version-history":[{"count":3,"href":"https:\/\/uneeclosiondedouceur.fr\/index.php\/wp-json\/wp\/v2\/product\/753\/revisions"}],"predecessor-version":[{"id":1835,"href":"https:\/\/uneeclosiondedouceur.fr\/index.php\/wp-json\/wp\/v2\/product\/753\/revisions\/1835"}],"wp:featuredmedia":[{"embeddable":true,"href":"https:\/\/uneeclosiondedouceur.fr\/index.php\/wp-json\/wp\/v2\/media\/755"}],"wp:attachment":[{"href":"https:\/\/uneeclosiondedouceur.fr\/index.php\/wp-json\/wp\/v2\/media?parent=753"}],"wp:term":[{"taxonomy":"product_brand","embeddable":true,"href":"https:\/\/uneeclosiondedouceur.fr\/index.php\/wp-json\/wp\/v2\/product_brand?post=753"},{"taxonomy":"product_cat","embeddable":true,"href":"https:\/\/uneeclosiondedouceur.fr\/index.php\/wp-json\/wp\/v2\/product_cat?post=753"},{"taxonomy":"product_tag","embeddable":true,"href":"https:\/\/uneeclosiondedouceur.fr\/index.php\/wp-json\/wp\/v2\/product_tag?post=753"}],"curies":[{"name":"wp","href":"https:\/\/api.w.org\/{rel}","templated":true}]}}