{"id":759,"date":"2025-04-28T10:56:04","date_gmt":"2025-04-28T08:56:04","guid":{"rendered":"https:\/\/uneeclosiondedouceur.fr\/?post_type=product&#038;p=759"},"modified":"2026-02-21T19:24:20","modified_gmt":"2026-02-21T18:24:20","slug":"ames-poetiques-carte-personnalisee","status":"publish","type":"product","link":"https:\/\/uneeclosiondedouceur.fr\/index.php\/produit\/ames-poetiques-carte-personnalisee\/","title":{"rendered":"\u00c2mes po\u00e9tiques | Carte personnalis\u00e9e"},"content":{"rendered":"","protected":false},"excerpt":{"rendered":"<p class=\"p1\">Reproduction d\u2019une peinture \u00e0 l\u2019aquarelle<\/p>\n<p class=\"p1\">Tant\u00f4t \u00e9g\u00e9rie, tant\u00f4t messag\u00e8re de notre c\u0153ur, la rose fut la muse de bon nombre d\u2019artistes \u00e0 travers les si\u00e8cles. Aussi, consacr\u00e9e \u00e0 la d\u00e9esse grecque de l\u2019amour et de la beaut\u00e9 que l\u2019on nomme Aphrodite, elle nous ensorcelle par son \u00e9l\u00e9gance et nous enivre de son parfum envo\u00fbtant.<\/p>\n<p class=\"p1\">Et vous, vous laisserez-vous s\u00e9duire par cette carte pr\u00eate \u00e0 recevoir vos doux mots ? Ces deux roses raviront les c\u0153urs romantiques ainsi que les \u00e2mes po\u00e9tiques sensibles au charme de cette fleur.<\/p>\n","protected":false},"featured_media":761,"comment_status":"open","ping_status":"closed","template":"","meta":[],"product_brand":[],"product_cat":[25],"product_tag":[],"class_list":{"0":"post-759","1":"product","2":"type-product","3":"status-publish","4":"has-post-thumbnail","6":"product_cat-la-resilience-de-nos-coeurs","7":"wcpa_has_options","9":"first","10":"instock","11":"shipping-taxable","12":"purchasable","13":"product-type-simple"},"yoast_head":"<!-- This site is optimized with the Yoast SEO plugin v27.3 - https:\/\/yoast.com\/product\/yoast-seo-wordpress\/ -->\n<title>\u00c2mes po\u00e9tiques | Carte personnalis\u00e9e - Une \u00e9closion de douceur<\/title>\n<meta name=\"robots\" content=\"index, follow, max-snippet:-1, max-image-preview:large, max-video-preview:-1\" \/>\n<link rel=\"canonical\" href=\"https:\/\/uneeclosiondedouceur.fr\/index.php\/produit\/ames-poetiques-carte-personnalisee\/\" \/>\n<meta property=\"og:locale\" content=\"fr_FR\" \/>\n<meta property=\"og:type\" content=\"article\" \/>\n<meta property=\"og:title\" content=\"\u00c2mes po\u00e9tiques | Carte personnalis\u00e9e - Une \u00e9closion de douceur\" \/>\n<meta property=\"og:description\" content=\"Reproduction d\u2019une peinture \u00e0 l\u2019aquarelle Tant\u00f4t \u00e9g\u00e9rie, tant\u00f4t messag\u00e8re de notre c\u0153ur, la rose fut la muse de bon nombre d\u2019artistes \u00e0 travers les si\u00e8cles. Aussi, consacr\u00e9e \u00e0 la d\u00e9esse grecque de l\u2019amour et de la beaut\u00e9 que l\u2019on nomme Aphrodite, elle nous ensorcelle par son \u00e9l\u00e9gance et nous enivre de son parfum envo\u00fbtant. Et vous, vous laisserez-vous s\u00e9duire par cette carte pr\u00eate \u00e0 recevoir vos doux mots ? Ces deux roses raviront les c\u0153urs romantiques ainsi que les \u00e2mes po\u00e9tiques sensibles au charme de cette fleur.\" \/>\n<meta property=\"og:url\" content=\"https:\/\/uneeclosiondedouceur.fr\/index.php\/produit\/ames-poetiques-carte-personnalisee\/\" \/>\n<meta property=\"og:site_name\" content=\"Une \u00e9closion de douceur\" \/>\n<meta property=\"article:modified_time\" content=\"2026-02-21T18:24:20+00:00\" \/>\n<meta property=\"og:image\" content=\"https:\/\/uneeclosiondedouceur.fr\/wp-content\/uploads\/2025\/04\/IMG_20250405_144303.jpg\" \/>\n\t<meta property=\"og:image:width\" content=\"1898\" \/>\n\t<meta property=\"og:image:height\" content=\"2530\" \/>\n\t<meta property=\"og:image:type\" content=\"image\/jpeg\" \/>\n<meta name=\"twitter:card\" content=\"summary_large_image\" \/>\n<meta name=\"twitter:label1\" content=\"Dur\u00e9e de lecture estim\u00e9e\" \/>\n\t<meta name=\"twitter:data1\" content=\"1 minute\" \/>\n<script type=\"application\/ld+json\" class=\"yoast-schema-graph\">{\"@context\":\"https:\\\/\\\/schema.org\",\"@graph\":[{\"@type\":\"WebPage\",\"@id\":\"https:\\\/\\\/uneeclosiondedouceur.fr\\\/index.php\\\/produit\\\/ames-poetiques-carte-personnalisee\\\/\",\"url\":\"https:\\\/\\\/uneeclosiondedouceur.fr\\\/index.php\\\/produit\\\/ames-poetiques-carte-personnalisee\\\/\",\"name\":\"\u00c2mes po\u00e9tiques | Carte personnalis\u00e9e - Une \u00e9closion de douceur\",\"isPartOf\":{\"@id\":\"https:\\\/\\\/uneeclosiondedouceur.fr\\\/#website\"},\"primaryImageOfPage\":{\"@id\":\"https:\\\/\\\/uneeclosiondedouceur.fr\\\/index.php\\\/produit\\\/ames-poetiques-carte-personnalisee\\\/#primaryimage\"},\"image\":{\"@id\":\"https:\\\/\\\/uneeclosiondedouceur.fr\\\/index.php\\\/produit\\\/ames-poetiques-carte-personnalisee\\\/#primaryimage\"},\"thumbnailUrl\":\"https:\\\/\\\/uneeclosiondedouceur.fr\\\/wp-content\\\/uploads\\\/2025\\\/04\\\/IMG_20250405_144303.jpg\",\"datePublished\":\"2025-04-28T08:56:04+00:00\",\"dateModified\":\"2026-02-21T18:24:20+00:00\",\"breadcrumb\":{\"@id\":\"https:\\\/\\\/uneeclosiondedouceur.fr\\\/index.php\\\/produit\\\/ames-poetiques-carte-personnalisee\\\/#breadcrumb\"},\"inLanguage\":\"fr-FR\",\"potentialAction\":[{\"@type\":\"ReadAction\",\"target\":[\"https:\\\/\\\/uneeclosiondedouceur.fr\\\/index.php\\\/produit\\\/ames-poetiques-carte-personnalisee\\\/\"]}]},{\"@type\":\"ImageObject\",\"inLanguage\":\"fr-FR\",\"@id\":\"https:\\\/\\\/uneeclosiondedouceur.fr\\\/index.php\\\/produit\\\/ames-poetiques-carte-personnalisee\\\/#primaryimage\",\"url\":\"https:\\\/\\\/uneeclosiondedouceur.fr\\\/wp-content\\\/uploads\\\/2025\\\/04\\\/IMG_20250405_144303.jpg\",\"contentUrl\":\"https:\\\/\\\/uneeclosiondedouceur.fr\\\/wp-content\\\/uploads\\\/2025\\\/04\\\/IMG_20250405_144303.jpg\",\"width\":1898,\"height\":2530},{\"@type\":\"BreadcrumbList\",\"@id\":\"https:\\\/\\\/uneeclosiondedouceur.fr\\\/index.php\\\/produit\\\/ames-poetiques-carte-personnalisee\\\/#breadcrumb\",\"itemListElement\":[{\"@type\":\"ListItem\",\"position\":1,\"name\":\"Accueil\",\"item\":\"https:\\\/\\\/uneeclosiondedouceur.fr\\\/\"},{\"@type\":\"ListItem\",\"position\":2,\"name\":\"Boutique\",\"item\":\"https:\\\/\\\/uneeclosiondedouceur.fr\\\/index.php\\\/boutique\\\/\"},{\"@type\":\"ListItem\",\"position\":3,\"name\":\"\u00c2mes po\u00e9tiques | Carte personnalis\u00e9e\"}]},{\"@type\":\"WebSite\",\"@id\":\"https:\\\/\\\/uneeclosiondedouceur.fr\\\/#website\",\"url\":\"https:\\\/\\\/uneeclosiondedouceur.fr\\\/\",\"name\":\"Une \u00e9closion de douceur\",\"description\":\"Cr\u00e9ations florales et po\u00e9tiques\",\"publisher\":{\"@id\":\"https:\\\/\\\/uneeclosiondedouceur.fr\\\/#organization\"},\"potentialAction\":[{\"@type\":\"SearchAction\",\"target\":{\"@type\":\"EntryPoint\",\"urlTemplate\":\"https:\\\/\\\/uneeclosiondedouceur.fr\\\/?s={search_term_string}\"},\"query-input\":{\"@type\":\"PropertyValueSpecification\",\"valueRequired\":true,\"valueName\":\"search_term_string\"}}],\"inLanguage\":\"fr-FR\"},{\"@type\":\"Organization\",\"@id\":\"https:\\\/\\\/uneeclosiondedouceur.fr\\\/#organization\",\"name\":\"Une \u00e9closion de douceur\",\"url\":\"https:\\\/\\\/uneeclosiondedouceur.fr\\\/\",\"logo\":{\"@type\":\"ImageObject\",\"inLanguage\":\"fr-FR\",\"@id\":\"https:\\\/\\\/uneeclosiondedouceur.fr\\\/#\\\/schema\\\/logo\\\/image\\\/\",\"url\":\"https:\\\/\\\/uneeclosiondedouceur.fr\\\/wp-content\\\/uploads\\\/2025\\\/02\\\/Logo-2.png\",\"contentUrl\":\"https:\\\/\\\/uneeclosiondedouceur.fr\\\/wp-content\\\/uploads\\\/2025\\\/02\\\/Logo-2.png\",\"width\":500,\"height\":500,\"caption\":\"Une \u00e9closion de douceur\"},\"image\":{\"@id\":\"https:\\\/\\\/uneeclosiondedouceur.fr\\\/#\\\/schema\\\/logo\\\/image\\\/\"},\"sameAs\":[\"https:\\\/\\\/www.instagram.com\\\/une.eclosion.de.douceur\\\/\"]}]}<\/script>\n<!-- \/ Yoast SEO plugin. -->","yoast_head_json":{"title":"\u00c2mes po\u00e9tiques | Carte personnalis\u00e9e - Une \u00e9closion de douceur","robots":{"index":"index","follow":"follow","max-snippet":"max-snippet:-1","max-image-preview":"max-image-preview:large","max-video-preview":"max-video-preview:-1"},"canonical":"https:\/\/uneeclosiondedouceur.fr\/index.php\/produit\/ames-poetiques-carte-personnalisee\/","og_locale":"fr_FR","og_type":"article","og_title":"\u00c2mes po\u00e9tiques | Carte personnalis\u00e9e - Une \u00e9closion de douceur","og_description":"Reproduction d\u2019une peinture \u00e0 l\u2019aquarelle Tant\u00f4t \u00e9g\u00e9rie, tant\u00f4t messag\u00e8re de notre c\u0153ur, la rose fut la muse de bon nombre d\u2019artistes \u00e0 travers les si\u00e8cles. Aussi, consacr\u00e9e \u00e0 la d\u00e9esse grecque de l\u2019amour et de la beaut\u00e9 que l\u2019on nomme Aphrodite, elle nous ensorcelle par son \u00e9l\u00e9gance et nous enivre de son parfum envo\u00fbtant. Et vous, vous laisserez-vous s\u00e9duire par cette carte pr\u00eate \u00e0 recevoir vos doux mots ? Ces deux roses raviront les c\u0153urs romantiques ainsi que les \u00e2mes po\u00e9tiques sensibles au charme de cette fleur.","og_url":"https:\/\/uneeclosiondedouceur.fr\/index.php\/produit\/ames-poetiques-carte-personnalisee\/","og_site_name":"Une \u00e9closion de douceur","article_modified_time":"2026-02-21T18:24:20+00:00","og_image":[{"width":1898,"height":2530,"url":"https:\/\/uneeclosiondedouceur.fr\/wp-content\/uploads\/2025\/04\/IMG_20250405_144303.jpg","type":"image\/jpeg"}],"twitter_card":"summary_large_image","twitter_misc":{"Dur\u00e9e de lecture estim\u00e9e":"1 minute"},"schema":{"@context":"https:\/\/schema.org","@graph":[{"@type":"WebPage","@id":"https:\/\/uneeclosiondedouceur.fr\/index.php\/produit\/ames-poetiques-carte-personnalisee\/","url":"https:\/\/uneeclosiondedouceur.fr\/index.php\/produit\/ames-poetiques-carte-personnalisee\/","name":"\u00c2mes po\u00e9tiques | Carte personnalis\u00e9e - Une \u00e9closion de douceur","isPartOf":{"@id":"https:\/\/uneeclosiondedouceur.fr\/#website"},"primaryImageOfPage":{"@id":"https:\/\/uneeclosiondedouceur.fr\/index.php\/produit\/ames-poetiques-carte-personnalisee\/#primaryimage"},"image":{"@id":"https:\/\/uneeclosiondedouceur.fr\/index.php\/produit\/ames-poetiques-carte-personnalisee\/#primaryimage"},"thumbnailUrl":"https:\/\/uneeclosiondedouceur.fr\/wp-content\/uploads\/2025\/04\/IMG_20250405_144303.jpg","datePublished":"2025-04-28T08:56:04+00:00","dateModified":"2026-02-21T18:24:20+00:00","breadcrumb":{"@id":"https:\/\/uneeclosiondedouceur.fr\/index.php\/produit\/ames-poetiques-carte-personnalisee\/#breadcrumb"},"inLanguage":"fr-FR","potentialAction":[{"@type":"ReadAction","target":["https:\/\/uneeclosiondedouceur.fr\/index.php\/produit\/ames-poetiques-carte-personnalisee\/"]}]},{"@type":"ImageObject","inLanguage":"fr-FR","@id":"https:\/\/uneeclosiondedouceur.fr\/index.php\/produit\/ames-poetiques-carte-personnalisee\/#primaryimage","url":"https:\/\/uneeclosiondedouceur.fr\/wp-content\/uploads\/2025\/04\/IMG_20250405_144303.jpg","contentUrl":"https:\/\/uneeclosiondedouceur.fr\/wp-content\/uploads\/2025\/04\/IMG_20250405_144303.jpg","width":1898,"height":2530},{"@type":"BreadcrumbList","@id":"https:\/\/uneeclosiondedouceur.fr\/index.php\/produit\/ames-poetiques-carte-personnalisee\/#breadcrumb","itemListElement":[{"@type":"ListItem","position":1,"name":"Accueil","item":"https:\/\/uneeclosiondedouceur.fr\/"},{"@type":"ListItem","position":2,"name":"Boutique","item":"https:\/\/uneeclosiondedouceur.fr\/index.php\/boutique\/"},{"@type":"ListItem","position":3,"name":"\u00c2mes po\u00e9tiques | Carte personnalis\u00e9e"}]},{"@type":"WebSite","@id":"https:\/\/uneeclosiondedouceur.fr\/#website","url":"https:\/\/uneeclosiondedouceur.fr\/","name":"Une \u00e9closion de douceur","description":"Cr\u00e9ations florales et po\u00e9tiques","publisher":{"@id":"https:\/\/uneeclosiondedouceur.fr\/#organization"},"potentialAction":[{"@type":"SearchAction","target":{"@type":"EntryPoint","urlTemplate":"https:\/\/uneeclosiondedouceur.fr\/?s={search_term_string}"},"query-input":{"@type":"PropertyValueSpecification","valueRequired":true,"valueName":"search_term_string"}}],"inLanguage":"fr-FR"},{"@type":"Organization","@id":"https:\/\/uneeclosiondedouceur.fr\/#organization","name":"Une \u00e9closion de douceur","url":"https:\/\/uneeclosiondedouceur.fr\/","logo":{"@type":"ImageObject","inLanguage":"fr-FR","@id":"https:\/\/uneeclosiondedouceur.fr\/#\/schema\/logo\/image\/","url":"https:\/\/uneeclosiondedouceur.fr\/wp-content\/uploads\/2025\/02\/Logo-2.png","contentUrl":"https:\/\/uneeclosiondedouceur.fr\/wp-content\/uploads\/2025\/02\/Logo-2.png","width":500,"height":500,"caption":"Une \u00e9closion de douceur"},"image":{"@id":"https:\/\/uneeclosiondedouceur.fr\/#\/schema\/logo\/image\/"},"sameAs":["https:\/\/www.instagram.com\/une.eclosion.de.douceur\/"]}]}},"jetpack_sharing_enabled":true,"_links":{"self":[{"href":"https:\/\/uneeclosiondedouceur.fr\/index.php\/wp-json\/wp\/v2\/product\/759","targetHints":{"allow":["GET"]}}],"collection":[{"href":"https:\/\/uneeclosiondedouceur.fr\/index.php\/wp-json\/wp\/v2\/product"}],"about":[{"href":"https:\/\/uneeclosiondedouceur.fr\/index.php\/wp-json\/wp\/v2\/types\/product"}],"replies":[{"embeddable":true,"href":"https:\/\/uneeclosiondedouceur.fr\/index.php\/wp-json\/wp\/v2\/comments?post=759"}],"version-history":[{"count":3,"href":"https:\/\/uneeclosiondedouceur.fr\/index.php\/wp-json\/wp\/v2\/product\/759\/revisions"}],"predecessor-version":[{"id":1833,"href":"https:\/\/uneeclosiondedouceur.fr\/index.php\/wp-json\/wp\/v2\/product\/759\/revisions\/1833"}],"wp:featuredmedia":[{"embeddable":true,"href":"https:\/\/uneeclosiondedouceur.fr\/index.php\/wp-json\/wp\/v2\/media\/761"}],"wp:attachment":[{"href":"https:\/\/uneeclosiondedouceur.fr\/index.php\/wp-json\/wp\/v2\/media?parent=759"}],"wp:term":[{"taxonomy":"product_brand","embeddable":true,"href":"https:\/\/uneeclosiondedouceur.fr\/index.php\/wp-json\/wp\/v2\/product_brand?post=759"},{"taxonomy":"product_cat","embeddable":true,"href":"https:\/\/uneeclosiondedouceur.fr\/index.php\/wp-json\/wp\/v2\/product_cat?post=759"},{"taxonomy":"product_tag","embeddable":true,"href":"https:\/\/uneeclosiondedouceur.fr\/index.php\/wp-json\/wp\/v2\/product_tag?post=759"}],"curies":[{"name":"wp","href":"https:\/\/api.w.org\/{rel}","templated":true}]}}