{"id":788,"date":"2025-04-28T11:27:05","date_gmt":"2025-04-28T09:27:05","guid":{"rendered":"https:\/\/uneeclosiondedouceur.fr\/?post_type=product&#038;p=788"},"modified":"2026-02-21T19:21:08","modified_gmt":"2026-02-21T18:21:08","slug":"expression-de-soi-kit-de-scrapbooking","status":"publish","type":"product","link":"https:\/\/uneeclosiondedouceur.fr\/index.php\/produit\/expression-de-soi-kit-de-scrapbooking\/","title":{"rendered":"Expression de soi | Kit de scrapbooking"},"content":{"rendered":"","protected":false},"excerpt":{"rendered":"<p class=\"p1\">Reproduction d\u2019une peinture \u00e0 l\u2019aquarelle<\/p>\n<p>Souvent, l\u2019\u00e9criture nous m\u00e8ne \u00e0 la lib\u00e9ration de nos souvenirs, de nos \u00e9motions, de nos sentiments les plus cach\u00e9s ou intimes. Qu\u2019ils soient refoul\u00e9s, reni\u00e9s ou accept\u00e9s. Qu\u2019ils soient beaux ou au contraire plus amers, ils ont tous quelque chose \u00e0 nous raconter. Et si, \u00e0 pr\u00e9sent, vous commenciez \u00e0 les \u00e9crire ?<\/p>\n<p>La fleur de cerisier nous renvoie \u00e0 l\u2019\u00e9ph\u00e9m\u00e9rit\u00e9 de la vie, \u00e0 sa fragilit\u00e9 et \u00e0 la beaut\u00e9 de l\u2019instant pr\u00e9sent ; quant \u00e0 la rose, elle nous touche par sa douceur et sa tendresse. Ces deux fleurs viendront vous accompagner dans vos moments d\u2019\u00e9criture tout en vous chuchotant leurs messages que j\u2019ai soigneusement choisis pour les illustrer.<\/p>\n<p>Compos\u00e9 de :<\/p>\n<ul>\n<li>Deux papiers A5, 110g \u00e0 motifs \u00ab\u00a0roses\u00a0\u00bb<\/li>\n<li>Deux papiers A5, 80g \u00e0 motif \u00ab\u00a0roses\u00a0\u00bb<\/li>\n<li>Des autocollants<\/li>\n<li>Deux cartes sur lesquelles sont inscrites deux citations<\/li>\n<\/ul>\n","protected":false},"featured_media":789,"comment_status":"open","ping_status":"closed","template":"","meta":[],"product_brand":[],"product_cat":[25],"product_tag":[],"class_list":{"0":"post-788","1":"product","2":"type-product","3":"status-publish","4":"has-post-thumbnail","6":"product_cat-la-resilience-de-nos-coeurs","8":"first","9":"instock","10":"shipping-taxable","11":"purchasable","12":"product-type-simple"},"yoast_head":"<!-- This site is optimized with the Yoast SEO plugin v27.3 - https:\/\/yoast.com\/product\/yoast-seo-wordpress\/ -->\n<title>Expression de soi | Kit de scrapbooking - Une \u00e9closion de douceur<\/title>\n<meta name=\"robots\" content=\"index, follow, max-snippet:-1, max-image-preview:large, max-video-preview:-1\" \/>\n<link rel=\"canonical\" href=\"https:\/\/uneeclosiondedouceur.fr\/index.php\/produit\/expression-de-soi-kit-de-scrapbooking\/\" \/>\n<meta property=\"og:locale\" content=\"fr_FR\" \/>\n<meta property=\"og:type\" content=\"article\" \/>\n<meta property=\"og:title\" content=\"Expression de soi | Kit de scrapbooking - Une \u00e9closion de douceur\" \/>\n<meta property=\"og:description\" content=\"Reproduction d\u2019une peinture \u00e0 l\u2019aquarelle Souvent, l\u2019\u00e9criture nous m\u00e8ne \u00e0 la lib\u00e9ration de nos souvenirs, de nos \u00e9motions, de nos sentiments les plus cach\u00e9s ou intimes. Qu\u2019ils soient refoul\u00e9s, reni\u00e9s ou accept\u00e9s. Qu\u2019ils soient beaux ou au contraire plus amers, ils ont tous quelque chose \u00e0 nous raconter. Et si, \u00e0 pr\u00e9sent, vous commenciez \u00e0 les \u00e9crire ?  La fleur de cerisier nous renvoie \u00e0 l\u2019\u00e9ph\u00e9m\u00e9rit\u00e9 de la vie, \u00e0 sa fragilit\u00e9 et \u00e0 la beaut\u00e9 de l\u2019instant pr\u00e9sent ; quant \u00e0 la rose, elle nous touche par sa douceur et sa tendresse. Ces deux fleurs viendront vous accompagner dans vos moments d\u2019\u00e9criture tout en vous chuchotant leurs messages que j\u2019ai soigneusement choisis pour les illustrer.  Compos\u00e9 de :   Deux papiers A5, 110g \u00e0 motifs &quot;roses&quot;  Deux papiers A5, 80g \u00e0 motif &quot;roses&quot;  Des autocollants  Deux cartes sur lesquelles sont inscrites deux citations\" \/>\n<meta property=\"og:url\" content=\"https:\/\/uneeclosiondedouceur.fr\/index.php\/produit\/expression-de-soi-kit-de-scrapbooking\/\" \/>\n<meta property=\"og:site_name\" content=\"Une \u00e9closion de douceur\" \/>\n<meta property=\"article:modified_time\" content=\"2026-02-21T18:21:08+00:00\" \/>\n<meta property=\"og:image\" content=\"https:\/\/uneeclosiondedouceur.fr\/wp-content\/uploads\/2025\/04\/IMG_20250405_142247.jpg\" \/>\n\t<meta property=\"og:image:width\" content=\"1498\" \/>\n\t<meta property=\"og:image:height\" content=\"1998\" \/>\n\t<meta property=\"og:image:type\" content=\"image\/jpeg\" \/>\n<meta name=\"twitter:card\" content=\"summary_large_image\" \/>\n<meta name=\"twitter:label1\" content=\"Dur\u00e9e de lecture estim\u00e9e\" \/>\n\t<meta name=\"twitter:data1\" content=\"1 minute\" \/>\n<script type=\"application\/ld+json\" class=\"yoast-schema-graph\">{\"@context\":\"https:\\\/\\\/schema.org\",\"@graph\":[{\"@type\":\"WebPage\",\"@id\":\"https:\\\/\\\/uneeclosiondedouceur.fr\\\/index.php\\\/produit\\\/expression-de-soi-kit-de-scrapbooking\\\/\",\"url\":\"https:\\\/\\\/uneeclosiondedouceur.fr\\\/index.php\\\/produit\\\/expression-de-soi-kit-de-scrapbooking\\\/\",\"name\":\"Expression de soi | Kit de scrapbooking - Une \u00e9closion de douceur\",\"isPartOf\":{\"@id\":\"https:\\\/\\\/uneeclosiondedouceur.fr\\\/#website\"},\"primaryImageOfPage\":{\"@id\":\"https:\\\/\\\/uneeclosiondedouceur.fr\\\/index.php\\\/produit\\\/expression-de-soi-kit-de-scrapbooking\\\/#primaryimage\"},\"image\":{\"@id\":\"https:\\\/\\\/uneeclosiondedouceur.fr\\\/index.php\\\/produit\\\/expression-de-soi-kit-de-scrapbooking\\\/#primaryimage\"},\"thumbnailUrl\":\"https:\\\/\\\/uneeclosiondedouceur.fr\\\/wp-content\\\/uploads\\\/2025\\\/04\\\/IMG_20250405_142247.jpg\",\"datePublished\":\"2025-04-28T09:27:05+00:00\",\"dateModified\":\"2026-02-21T18:21:08+00:00\",\"breadcrumb\":{\"@id\":\"https:\\\/\\\/uneeclosiondedouceur.fr\\\/index.php\\\/produit\\\/expression-de-soi-kit-de-scrapbooking\\\/#breadcrumb\"},\"inLanguage\":\"fr-FR\",\"potentialAction\":[{\"@type\":\"ReadAction\",\"target\":[\"https:\\\/\\\/uneeclosiondedouceur.fr\\\/index.php\\\/produit\\\/expression-de-soi-kit-de-scrapbooking\\\/\"]}]},{\"@type\":\"ImageObject\",\"inLanguage\":\"fr-FR\",\"@id\":\"https:\\\/\\\/uneeclosiondedouceur.fr\\\/index.php\\\/produit\\\/expression-de-soi-kit-de-scrapbooking\\\/#primaryimage\",\"url\":\"https:\\\/\\\/uneeclosiondedouceur.fr\\\/wp-content\\\/uploads\\\/2025\\\/04\\\/IMG_20250405_142247.jpg\",\"contentUrl\":\"https:\\\/\\\/uneeclosiondedouceur.fr\\\/wp-content\\\/uploads\\\/2025\\\/04\\\/IMG_20250405_142247.jpg\",\"width\":1498,\"height\":1998},{\"@type\":\"BreadcrumbList\",\"@id\":\"https:\\\/\\\/uneeclosiondedouceur.fr\\\/index.php\\\/produit\\\/expression-de-soi-kit-de-scrapbooking\\\/#breadcrumb\",\"itemListElement\":[{\"@type\":\"ListItem\",\"position\":1,\"name\":\"Accueil\",\"item\":\"https:\\\/\\\/uneeclosiondedouceur.fr\\\/\"},{\"@type\":\"ListItem\",\"position\":2,\"name\":\"Boutique\",\"item\":\"https:\\\/\\\/uneeclosiondedouceur.fr\\\/index.php\\\/boutique\\\/\"},{\"@type\":\"ListItem\",\"position\":3,\"name\":\"Expression de soi | Kit de scrapbooking\"}]},{\"@type\":\"WebSite\",\"@id\":\"https:\\\/\\\/uneeclosiondedouceur.fr\\\/#website\",\"url\":\"https:\\\/\\\/uneeclosiondedouceur.fr\\\/\",\"name\":\"Une \u00e9closion de douceur\",\"description\":\"Cr\u00e9ations florales et po\u00e9tiques\",\"publisher\":{\"@id\":\"https:\\\/\\\/uneeclosiondedouceur.fr\\\/#organization\"},\"potentialAction\":[{\"@type\":\"SearchAction\",\"target\":{\"@type\":\"EntryPoint\",\"urlTemplate\":\"https:\\\/\\\/uneeclosiondedouceur.fr\\\/?s={search_term_string}\"},\"query-input\":{\"@type\":\"PropertyValueSpecification\",\"valueRequired\":true,\"valueName\":\"search_term_string\"}}],\"inLanguage\":\"fr-FR\"},{\"@type\":\"Organization\",\"@id\":\"https:\\\/\\\/uneeclosiondedouceur.fr\\\/#organization\",\"name\":\"Une \u00e9closion de douceur\",\"url\":\"https:\\\/\\\/uneeclosiondedouceur.fr\\\/\",\"logo\":{\"@type\":\"ImageObject\",\"inLanguage\":\"fr-FR\",\"@id\":\"https:\\\/\\\/uneeclosiondedouceur.fr\\\/#\\\/schema\\\/logo\\\/image\\\/\",\"url\":\"https:\\\/\\\/uneeclosiondedouceur.fr\\\/wp-content\\\/uploads\\\/2025\\\/02\\\/Logo-2.png\",\"contentUrl\":\"https:\\\/\\\/uneeclosiondedouceur.fr\\\/wp-content\\\/uploads\\\/2025\\\/02\\\/Logo-2.png\",\"width\":500,\"height\":500,\"caption\":\"Une \u00e9closion de douceur\"},\"image\":{\"@id\":\"https:\\\/\\\/uneeclosiondedouceur.fr\\\/#\\\/schema\\\/logo\\\/image\\\/\"},\"sameAs\":[\"https:\\\/\\\/www.instagram.com\\\/une.eclosion.de.douceur\\\/\"]}]}<\/script>\n<!-- \/ Yoast SEO plugin. -->","yoast_head_json":{"title":"Expression de soi | Kit de scrapbooking - Une \u00e9closion de douceur","robots":{"index":"index","follow":"follow","max-snippet":"max-snippet:-1","max-image-preview":"max-image-preview:large","max-video-preview":"max-video-preview:-1"},"canonical":"https:\/\/uneeclosiondedouceur.fr\/index.php\/produit\/expression-de-soi-kit-de-scrapbooking\/","og_locale":"fr_FR","og_type":"article","og_title":"Expression de soi | Kit de scrapbooking - Une \u00e9closion de douceur","og_description":"Reproduction d\u2019une peinture \u00e0 l\u2019aquarelle Souvent, l\u2019\u00e9criture nous m\u00e8ne \u00e0 la lib\u00e9ration de nos souvenirs, de nos \u00e9motions, de nos sentiments les plus cach\u00e9s ou intimes. Qu\u2019ils soient refoul\u00e9s, reni\u00e9s ou accept\u00e9s. Qu\u2019ils soient beaux ou au contraire plus amers, ils ont tous quelque chose \u00e0 nous raconter. Et si, \u00e0 pr\u00e9sent, vous commenciez \u00e0 les \u00e9crire ?  La fleur de cerisier nous renvoie \u00e0 l\u2019\u00e9ph\u00e9m\u00e9rit\u00e9 de la vie, \u00e0 sa fragilit\u00e9 et \u00e0 la beaut\u00e9 de l\u2019instant pr\u00e9sent ; quant \u00e0 la rose, elle nous touche par sa douceur et sa tendresse. Ces deux fleurs viendront vous accompagner dans vos moments d\u2019\u00e9criture tout en vous chuchotant leurs messages que j\u2019ai soigneusement choisis pour les illustrer.  Compos\u00e9 de :   Deux papiers A5, 110g \u00e0 motifs \"roses\"  Deux papiers A5, 80g \u00e0 motif \"roses\"  Des autocollants  Deux cartes sur lesquelles sont inscrites deux citations","og_url":"https:\/\/uneeclosiondedouceur.fr\/index.php\/produit\/expression-de-soi-kit-de-scrapbooking\/","og_site_name":"Une \u00e9closion de douceur","article_modified_time":"2026-02-21T18:21:08+00:00","og_image":[{"width":1498,"height":1998,"url":"https:\/\/uneeclosiondedouceur.fr\/wp-content\/uploads\/2025\/04\/IMG_20250405_142247.jpg","type":"image\/jpeg"}],"twitter_card":"summary_large_image","twitter_misc":{"Dur\u00e9e de lecture estim\u00e9e":"1 minute"},"schema":{"@context":"https:\/\/schema.org","@graph":[{"@type":"WebPage","@id":"https:\/\/uneeclosiondedouceur.fr\/index.php\/produit\/expression-de-soi-kit-de-scrapbooking\/","url":"https:\/\/uneeclosiondedouceur.fr\/index.php\/produit\/expression-de-soi-kit-de-scrapbooking\/","name":"Expression de soi | Kit de scrapbooking - Une \u00e9closion de douceur","isPartOf":{"@id":"https:\/\/uneeclosiondedouceur.fr\/#website"},"primaryImageOfPage":{"@id":"https:\/\/uneeclosiondedouceur.fr\/index.php\/produit\/expression-de-soi-kit-de-scrapbooking\/#primaryimage"},"image":{"@id":"https:\/\/uneeclosiondedouceur.fr\/index.php\/produit\/expression-de-soi-kit-de-scrapbooking\/#primaryimage"},"thumbnailUrl":"https:\/\/uneeclosiondedouceur.fr\/wp-content\/uploads\/2025\/04\/IMG_20250405_142247.jpg","datePublished":"2025-04-28T09:27:05+00:00","dateModified":"2026-02-21T18:21:08+00:00","breadcrumb":{"@id":"https:\/\/uneeclosiondedouceur.fr\/index.php\/produit\/expression-de-soi-kit-de-scrapbooking\/#breadcrumb"},"inLanguage":"fr-FR","potentialAction":[{"@type":"ReadAction","target":["https:\/\/uneeclosiondedouceur.fr\/index.php\/produit\/expression-de-soi-kit-de-scrapbooking\/"]}]},{"@type":"ImageObject","inLanguage":"fr-FR","@id":"https:\/\/uneeclosiondedouceur.fr\/index.php\/produit\/expression-de-soi-kit-de-scrapbooking\/#primaryimage","url":"https:\/\/uneeclosiondedouceur.fr\/wp-content\/uploads\/2025\/04\/IMG_20250405_142247.jpg","contentUrl":"https:\/\/uneeclosiondedouceur.fr\/wp-content\/uploads\/2025\/04\/IMG_20250405_142247.jpg","width":1498,"height":1998},{"@type":"BreadcrumbList","@id":"https:\/\/uneeclosiondedouceur.fr\/index.php\/produit\/expression-de-soi-kit-de-scrapbooking\/#breadcrumb","itemListElement":[{"@type":"ListItem","position":1,"name":"Accueil","item":"https:\/\/uneeclosiondedouceur.fr\/"},{"@type":"ListItem","position":2,"name":"Boutique","item":"https:\/\/uneeclosiondedouceur.fr\/index.php\/boutique\/"},{"@type":"ListItem","position":3,"name":"Expression de soi | Kit de scrapbooking"}]},{"@type":"WebSite","@id":"https:\/\/uneeclosiondedouceur.fr\/#website","url":"https:\/\/uneeclosiondedouceur.fr\/","name":"Une \u00e9closion de douceur","description":"Cr\u00e9ations florales et po\u00e9tiques","publisher":{"@id":"https:\/\/uneeclosiondedouceur.fr\/#organization"},"potentialAction":[{"@type":"SearchAction","target":{"@type":"EntryPoint","urlTemplate":"https:\/\/uneeclosiondedouceur.fr\/?s={search_term_string}"},"query-input":{"@type":"PropertyValueSpecification","valueRequired":true,"valueName":"search_term_string"}}],"inLanguage":"fr-FR"},{"@type":"Organization","@id":"https:\/\/uneeclosiondedouceur.fr\/#organization","name":"Une \u00e9closion de douceur","url":"https:\/\/uneeclosiondedouceur.fr\/","logo":{"@type":"ImageObject","inLanguage":"fr-FR","@id":"https:\/\/uneeclosiondedouceur.fr\/#\/schema\/logo\/image\/","url":"https:\/\/uneeclosiondedouceur.fr\/wp-content\/uploads\/2025\/02\/Logo-2.png","contentUrl":"https:\/\/uneeclosiondedouceur.fr\/wp-content\/uploads\/2025\/02\/Logo-2.png","width":500,"height":500,"caption":"Une \u00e9closion de douceur"},"image":{"@id":"https:\/\/uneeclosiondedouceur.fr\/#\/schema\/logo\/image\/"},"sameAs":["https:\/\/www.instagram.com\/une.eclosion.de.douceur\/"]}]}},"jetpack_sharing_enabled":true,"_links":{"self":[{"href":"https:\/\/uneeclosiondedouceur.fr\/index.php\/wp-json\/wp\/v2\/product\/788","targetHints":{"allow":["GET"]}}],"collection":[{"href":"https:\/\/uneeclosiondedouceur.fr\/index.php\/wp-json\/wp\/v2\/product"}],"about":[{"href":"https:\/\/uneeclosiondedouceur.fr\/index.php\/wp-json\/wp\/v2\/types\/product"}],"replies":[{"embeddable":true,"href":"https:\/\/uneeclosiondedouceur.fr\/index.php\/wp-json\/wp\/v2\/comments?post=788"}],"version-history":[{"count":3,"href":"https:\/\/uneeclosiondedouceur.fr\/index.php\/wp-json\/wp\/v2\/product\/788\/revisions"}],"predecessor-version":[{"id":1828,"href":"https:\/\/uneeclosiondedouceur.fr\/index.php\/wp-json\/wp\/v2\/product\/788\/revisions\/1828"}],"wp:featuredmedia":[{"embeddable":true,"href":"https:\/\/uneeclosiondedouceur.fr\/index.php\/wp-json\/wp\/v2\/media\/789"}],"wp:attachment":[{"href":"https:\/\/uneeclosiondedouceur.fr\/index.php\/wp-json\/wp\/v2\/media?parent=788"}],"wp:term":[{"taxonomy":"product_brand","embeddable":true,"href":"https:\/\/uneeclosiondedouceur.fr\/index.php\/wp-json\/wp\/v2\/product_brand?post=788"},{"taxonomy":"product_cat","embeddable":true,"href":"https:\/\/uneeclosiondedouceur.fr\/index.php\/wp-json\/wp\/v2\/product_cat?post=788"},{"taxonomy":"product_tag","embeddable":true,"href":"https:\/\/uneeclosiondedouceur.fr\/index.php\/wp-json\/wp\/v2\/product_tag?post=788"}],"curies":[{"name":"wp","href":"https:\/\/api.w.org\/{rel}","templated":true}]}}